{"id":4293,"date":"2017-12-04T08:28:31","date_gmt":"2017-12-04T08:28:31","guid":{"rendered":"https:\/\/www.be-networks.be\/home-page-2\/"},"modified":"2022-06-01T10:04:24","modified_gmt":"2022-06-01T08:04:24","slug":"home-page-2","status":"publish","type":"page","link":"https:\/\/www.be-networks.be\/fr\/","title":{"rendered":"Home"},"content":{"rendered":"<div id=\"pl-gb4293-69dedfdcb11bc\"  class=\"panel-layout\" ><div id=\"pg-gb4293-69dedfdcb11bc-0\"  class=\"panel-grid panel-has-style\" ><div class=\"smart-slider--row--so panel-row-style panel-row-style-for-gb4293-69dedfdcb11bc-0\" ><div id=\"pgc-gb4293-69dedfdcb11bc-0-0\"  class=\"panel-grid-cell\" ><\/div><\/div><\/div><div id=\"pg-gb4293-69dedfdcb11bc-1\"  class=\"panel-grid panel-has-style\" ><div class=\"service-menu--row--so positioned-abs panel-row-style panel-row-style-for-gb4293-69dedfdcb11bc-1\" ><div id=\"pgc-gb4293-69dedfdcb11bc-1-0\"  class=\"panel-grid-cell\" ><div id=\"panel-gb4293-69dedfdcb11bc-1-0-0\" class=\"so-panel widget widget_nav_menu panel-first-child panel-last-child\" data-index=\"1\" ><div class=\"menu-services-french-container\"><ul id=\"menu-services-french\" class=\"menu less-than-four\"><li id=\"menu-item-4655\" class=\"menu-item menu-item-type-post_type menu-item-object-page menu-item-4655\"><a href=\"https:\/\/www.be-networks.be\/fr\/network-hardware-solutions-refurbished-new\/\">Solutions de r\u00e9seaux d&rsquo;occasion<\/a><div class=\"menu-item-description text-center\"><div class=\"m-desc\">Avec des produits reconditionn\u00e9s, syst\u00e9matiquement test\u00e9s et de haute qualit\u00e9, alli\u00e9s aux technologies les plus r\u00e9centes, BE Networks vous offre des solutions r\u00e9seaux \u00e9conomiques 100 % personnalis\u00e9es.<\/div><div><a href=\"https:\/\/www.be-networks.be\/fr\/network-hardware-solutions-refurbished-new\/\" class=\"view-more\">VIEW MORE<\/a><\/div><\/div><\/li>\n<\/ul><\/div><\/div><\/div><\/div><\/div><\/div>\n\n<div id=\"pl-gb4293-69dedfdcb1e02\"  class=\"panel-layout\" ><div id=\"pg-gb4293-69dedfdcb1e02-0\"  class=\"panel-grid panel-has-style\" ><div class=\"service-secondary-menu--row--so panel-row-style panel-row-style-for-gb4293-69dedfdcb1e02-0\" ><div id=\"pgc-gb4293-69dedfdcb1e02-0-0\"  class=\"panel-grid-cell\" ><div id=\"panel-gb4293-69dedfdcb1e02-0-0-0\" class=\"so-panel widget widget_nav_menu panel-first-child panel-last-child\" data-index=\"0\" ><div class=\"menu-services-secondary-french-container\"><ul id=\"menu-services-secondary-french\" class=\"menu less-than-four\"><li id=\"menu-item-4659\" class=\"menu-item menu-item-type-post_type menu-item-object-page menu-item-4659\"><a href=\"https:\/\/www.be-networks.be\/fr\/it-asset-disposition-itad\/\">\u00c9limination des d\u00e9chets informatiques (ITAD)<\/a><div class=\"menu-item-description text-center\"><div class=\"m-desc\">BE Networks est sp\u00e9cialis\u00e9 dans le traitement efficace des d\u00e9chets informatiques, avec une minimisation des co\u00fbts et une maximisation de la r\u00e9cup\u00e9ration sur pertes.<\/div><div><a href=\"https:\/\/www.be-networks.be\/fr\/it-asset-disposition-itad\/\" class=\"view-more\">VIEW MORE<\/a><\/div><\/div><\/li>\n<li id=\"menu-item-4660\" class=\"menu-item menu-item-type-post_type menu-item-object-page menu-item-4660\"><a href=\"https:\/\/www.be-networks.be\/fr\/spare-parts-management\/\">Gestion des composants<\/a><div class=\"menu-item-description text-center\"><div class=\"m-desc\">R\u00e9duire les stocks minimise les actifs mon\u00e9taires immobilis\u00e9s et lib\u00e8re des liquidit\u00e9s pour d&rsquo;autres activit\u00e9s. Cela vous int\u00e9resse ?<\/div><div><a href=\"https:\/\/www.be-networks.be\/fr\/spare-parts-management\/\" class=\"view-more\">VIEW MORE<\/a><\/div><\/div><\/li>\n<li id=\"menu-item-4661\" class=\"menu-item menu-item-type-post_type menu-item-object-page menu-item-4661\"><a href=\"https:\/\/www.be-networks.be\/fr\/technical-repair-service\/\">Service de r\u00e9paration technique<\/a><div class=\"menu-item-description text-center\"><div class=\"m-desc\">Pourquoi d\u00e9penser votre pr\u00e9cieux capital pour un remplacement complet des articles endommag\u00e9s quand vous pouvez \u00e9conomiser du temps et de l&rsquo;argent ?<\/div><div><a href=\"https:\/\/www.be-networks.be\/fr\/technical-repair-service\/\" class=\"view-more\">VIEW MORE<\/a><\/div><\/div><\/li>\n<\/ul><\/div><\/div><\/div><\/div><\/div><div id=\"pg-gb4293-69dedfdcb1e02-1\"  class=\"panel-grid panel-no-style\" ><div id=\"pgc-gb4293-69dedfdcb1e02-1-0\"  class=\"panel-grid-cell\" ><div id=\"panel-gb4293-69dedfdcb1e02-1-0-0\" class=\"so-panel widget widget_siteorigin-panels-postloop panel-first-child panel-last-child\" data-index=\"1\" >\n\n<section class=\"emissions--section text-center\" style=\"background-image: url(https:\/\/www.be-networks.be\/wp-content\/uploads\/2020\/11\/earth_opt.jpg)\">\n\t<div class=\"emissions--inner\">\n                    <h3 id=\"emissionsCounter\" class=\"emissions--counter\"><\/h3>\n            <script>\n                document.addEventListener('DOMContentLoaded',function(){\n                    let em_counter_container = document.querySelector('#emissionsCounter');\n                    const final_number = function() {\n                        const c2o_emmition = 91594260; \/\/91594260\n                        const c2o_per_10_sec = 3.5;\n                        const first_timestamp = 1604331900;\n                        let now = new Date;\n                        let utc_timestamp = Date.UTC(now.getFullYear(),now.getMonth(), now.getDate() ,\n                            now.getHours(), now.getMinutes(), now.getSeconds(), now.getMilliseconds());\n                        let num;\n                        \/\/ timestamp in sec\n                        utc_timestamp = (utc_timestamp \/ 1000).toFixed();\n                        \/\/ how many 10 seconds since first timestamp\n                        let secondes_past = (first_timestamp - utc_timestamp) \/ 10;\n                        \/\/ current c2o emmition\n                        num = (c2o_emmition + Math.abs(secondes_past*c2o_per_10_sec)).toFixed(1);\n                        return Number(num).toLocaleString('el-GR');\n                        \/\/return Number(num).toLocaleString('');\n                    }\n                    if (em_counter_container) {\n                        em_counter_container.innerHTML = final_number();\n                        let interval = setInterval(function() {\n                            em_counter_container.innerHTML = final_number();\n                        }, 10000)\n                    }\n                });\n            <\/script>\n            <!--<h3 class=\"emissions--counter\"><\/h3>-->\n                            <div class=\"emissions--counter-text\"><p><strong>kilos de CO2<\/strong><br \/>\n<strong>en moins<\/strong> dans l&rsquo;atmosph\u00e8re<br \/>\navec les produits achet\u00e9s \u00e0 BE Networks<\/p>\n<\/div>\n        \t<\/div>\n\t        <div class=\"emissions--tabs\">\n            <div class=\"container m-auto p-0\">\n                <div class=\"row\">\n                    <div class=\"col-lg-5\">\n                        <ul class=\"nav nav-tabs\" id=\"emTabs\" role=\"tablist\">\n                        <li class=\"nav-item\">\n                            <a class=\"nav-link active\" id=\"em-tab-0\" data-toggle=\"tab\" href=\"#em-content-0\" role=\"tab\" \n                            aria-controls=\"em-content-0\" aria-selected=\"true\">\n                                <div class=\"bulls-eye\"><span class=\"be-outer\"><\/span><span class=\"be-center\"><\/span><span class=\"be-inner\"><\/span><\/div>\n                                <span>Transparence<\/span>\n                            <\/a>\n                        <\/li>\n                        <li class=\"nav-item\">\n                            <a class=\"nav-link \" id=\"em-tab-1\" data-toggle=\"tab\" href=\"#em-content-1\" role=\"tab\" \n                            aria-controls=\"em-content-1\" aria-selected=\"false\">\n                                <div class=\"bulls-eye\"><span class=\"be-outer\"><\/span><span class=\"be-center\"><\/span><span class=\"be-inner\"><\/span><\/div>\n                                <span>Service int\u00e9gral<\/span>\n                            <\/a>\n                        <\/li>\n                        <li class=\"nav-item\">\n                            <a class=\"nav-link \" id=\"em-tab-2\" data-toggle=\"tab\" href=\"#em-content-2\" role=\"tab\" \n                            aria-controls=\"em-content-2\" aria-selected=\"false\">\n                                <div class=\"bulls-eye\"><span class=\"be-outer\"><\/span><span class=\"be-center\"><\/span><span class=\"be-inner\"><\/span><\/div>\n                                <span>\u00c9conomie circulaire<\/span>\n                            <\/a>\n                        <\/li><\/ul>\n                    <\/div>\n                    <div class=\"col-lg-6\">\n                        <div class=\"tab-content text-left cont-active\" id=\"emTabsContent\">\n                        <div class=\"tab-pane active\" id=\"em-content-0\" role=\"tabpanel\" aria-labelledby=\"em-tab-0\">\n                            <div class=\"tab-pane--inner\"><p>Nous sommes une entreprise informatique alternative enti\u00e8rement transparente : sur ce que nous avons fait hier, sur ce que nous vous offrons pour demain, et avec une expertise produit incomparable.<\/p>\n<\/div>\n                        <\/div>\n                        <div class=\"tab-pane \" id=\"em-content-1\" role=\"tabpanel\" aria-labelledby=\"em-tab-1\">\n                            <div class=\"tab-pane--inner\"><p>Nous travaillons jusqu&rsquo;\u00e0 ce que le client soit satisfait. Nous trouvons les produits qu&rsquo;il vous faut et vous les livrons d\u00e8s le lendemain avec une garantie \u00e0 vie. Nous vous aiderons au cours de chaque \u00e9tape de la transaction.<\/p>\n<\/div>\n                        <\/div>\n                        <div class=\"tab-pane \" id=\"em-content-2\" role=\"tabpanel\" aria-labelledby=\"em-tab-2\">\n                            <div class=\"tab-pane--inner\"><p>Parfois, les produits informatiques que vous cherchez semblent difficiles, voire impossibles \u00e0 trouver. Et si nous pouvions non seulement les trouver, mais aussi vous les fournir dans le cadre d&rsquo;une solution sur mesure adapt\u00e9e \u00e0 vos besoins informatiques sp\u00e9cifiques ?<br \/>\nBE Networks propose toujours des solutions et des services adapt\u00e9s aux besoins de chaque client.<\/p>\n<\/div>\n                        <\/div><\/div>\n                    <\/div>\n                <\/div>\n            <\/div>\n        <\/div>\n\t<\/section>\n<\/div><\/div><\/div><div id=\"pg-gb4293-69dedfdcb1e02-2\"  class=\"panel-grid panel-no-style\" ><div id=\"pgc-gb4293-69dedfdcb1e02-2-0\"  class=\"panel-grid-cell\" ><div id=\"panel-gb4293-69dedfdcb1e02-2-0-0\" class=\"so-panel widget widget_siteorigin-panels-postloop panel-first-child panel-last-child\" data-index=\"2\" >\n    <section class=\"slider--section text-center\">\n        <div class=\"slider--inner container\">\n            <div class=\"row\">\n                <div class=\"glide\" id=\"sectionLoopSlider\">\n                    <div class=\"glide__track\" data-glide-el=\"track\">\n                        <ul class=\"glide__slides\">\n\t\t\t\t\t\t\t\n                                <li class=\"glide__slide\">\n                                    <div class=\"glide__slide--inner\">\n\t\t\t\t\t\t\t\t\t\t\t\t\t\t\t\t\t\t\t                                            <img decoding=\"async\" src=\"https:\/\/www.be-networks.be\/wp-content\/uploads\/2020\/11\/cisco_opt.png\" alt=\"slider-image\">\n\t\t\t\t\t\t\t\t\t\t\t\t\t\t\t\t\t\t\t\t                                                                            <\/div>\n                                <\/li>\n\n\t\t\t\t\t\t\t\t\n                                <li class=\"glide__slide\">\n                                    <div class=\"glide__slide--inner\">\n\t\t\t\t\t\t\t\t\t\t\t\t\t\t\t\t\t\t\t                                            <img decoding=\"async\" src=\"https:\/\/www.be-networks.be\/wp-content\/uploads\/2020\/11\/juniper_opt.png\" alt=\"slider-image\">\n\t\t\t\t\t\t\t\t\t\t\t\t\t\t\t\t\t\t\t\t                                                                            <\/div>\n                                <\/li>\n\n\t\t\t\t\t\t\t\t\n                                <li class=\"glide__slide\">\n                                    <div class=\"glide__slide--inner\">\n\t\t\t\t\t\t\t\t\t\t\t\t\t\t\t\t\t\t\t                                            <img decoding=\"async\" src=\"https:\/\/www.be-networks.be\/wp-content\/uploads\/2020\/11\/hp_opt-1024x1024-1-1024x1024.png\" alt=\"slider-image\">\n\t\t\t\t\t\t\t\t\t\t\t\t\t\t\t\t\t\t\t\t                                                                            <\/div>\n                                <\/li>\n\n\t\t\t\t\t\t\t\t\n                                <li class=\"glide__slide\">\n                                    <div class=\"glide__slide--inner\">\n\t\t\t\t\t\t\t\t\t<a\n                                            href=\"\/fr\/partner\/arista\/\">\t\t\t\t\t\t\t\t\t\t                                            <img decoding=\"async\" src=\"https:\/\/www.be-networks.be\/wp-content\/uploads\/2021\/02\/logo_arista_blue.png\" alt=\"slider-image\">\n\t\t\t\t\t\t\t\t\t\t\t\t\t\t\t\t\t\t\t\t<\/a>                                                                            <\/div>\n                                <\/li>\n\n\t\t\t\t\t\t\t\t\n                                <li class=\"glide__slide\">\n                                    <div class=\"glide__slide--inner\">\n\t\t\t\t\t\t\t\t\t<a\n                                            href=\"\/fr\/partner\/dell-technologies\/\">\t\t\t\t\t\t\t\t\t\t                                            <img decoding=\"async\" src=\"https:\/\/www.be-networks.be\/wp-content\/uploads\/2022\/05\/dell_nobg.png\" alt=\"slider-image\">\n\t\t\t\t\t\t\t\t\t\t\t\t\t\t\t\t\t\t\t\t<\/a>                                        <p class=\"slider--subtitle\" style=\"margin: 2px 0 0 0;\">Servers &amp; Storage<\/p>                                    <\/div>\n                                <\/li>\n\n\t\t\t\t\t\t\t\t\n                                <li class=\"glide__slide\">\n                                    <div class=\"glide__slide--inner\">\n\t\t\t\t\t\t\t\t\t\t\t\t\t\t\t\t\t\t\t                                            <img decoding=\"async\" src=\"https:\/\/www.be-networks.be\/wp-content\/uploads\/2022\/05\/acer.png\" alt=\"slider-image\">\n\t\t\t\t\t\t\t\t\t\t\t\t\t\t\t\t\t\t\t\t                                                                            <\/div>\n                                <\/li>\n\n\t\t\t\t\t\t\t\t                        <\/ul>\n                    <\/div>\n                    <!--<div class=\"glide__bullets\" data-glide-el=\"controls[nav]\">\n\t\t\t\t\t\t                    <\/div>-->\n                <\/div>\n            <\/div>\n        <\/div>\n    <\/section>\n\n\n\n\n<\/div><\/div><\/div><div id=\"pg-gb4293-69dedfdcb1e02-3\"  class=\"panel-grid panel-no-style\" ><div id=\"pgc-gb4293-69dedfdcb1e02-3-0\"  class=\"panel-grid-cell\" ><div id=\"panel-gb4293-69dedfdcb1e02-3-0-0\" class=\"so-panel widget widget_siteorigin-panels-postloop panel-first-child panel-last-child\" data-index=\"3\" ><h3 class=\"widget-title\">Notre d\u00e9marche qualit\u00e9<\/h3>\n    <section class=\"boxes--section\">\n        <div class=\"boxes--inner container-fluid\">\n            <div class=\"row justify-content-around\">\n\t            \n                    <div class=\"col-md-6 col-lg-4 d-inline-flex justify-content-center box-col\">\n                        <div class=\"boxes--box\" data-box-index=\"1\">\n                            <div class=\"boxes--text\"><p>Un traitement unique garanti 100 % antistatique de tous nos produits, de la logistique et du transport.<\/p>\n<\/div>\n                        <\/div>\n                    <\/div>\n\n\t\t            \n                    <div class=\"col-md-6 col-lg-4 d-inline-flex justify-content-center box-col\">\n                        <div class=\"boxes--box\" data-box-index=\"2\">\n                            <div class=\"boxes--text\"><p>Une inspection physique d\u00e9taill\u00e9e de chaque produit qui les classe sur une \u00e9chelle \u00e0 trois niveaux.<\/p>\n<\/div>\n                        <\/div>\n                    <\/div>\n\n\t\t            \n                    <div class=\"col-md-6 col-lg-4 d-inline-flex justify-content-center box-col\">\n                        <div class=\"boxes--box\" data-box-index=\"3\">\n                            <div class=\"boxes--text\"><p>Chaque produit est test\u00e9 par nos techniciens certifi\u00e9s. Le test se conclut par un rapport d&rsquo;essai final, compl\u00e9t\u00e9 par un dernier contr\u00f4le physique.<\/p>\n<\/div>\n                        <\/div>\n                    <\/div>\n\n\t\t            \n                    <div class=\"col-md-6 col-lg-4 d-inline-flex justify-content-center box-col\">\n                        <div class=\"boxes--box\" data-box-index=\"4\">\n                            <div class=\"boxes--text\"><p>BE Networks a d\u00e9velopp\u00e9 l&#8217;emballage Korrvu afin de conserver la protection essentielle contre les d\u00e9charges \u00e9lectrostatiques.<\/p>\n<\/div>\n                        <\/div>\n                    <\/div>\n\n\t\t            \n                    <div class=\"col-md-6 col-lg-4 d-inline-flex justify-content-center box-col\">\n                        <div class=\"boxes--box\" data-box-index=\"5\">\n                            <div class=\"boxes--text\"><p>Nous proposons une livraison rapide (souvent d\u00e8s le lendemain) sur des milliers de produits dans le monde entier.<\/p>\n<\/div>\n                        <\/div>\n                    <\/div>\n\n\t\t            \n                    <div class=\"col-md-6 col-lg-4 d-inline-flex justify-content-center box-col\">\n                        <div class=\"boxes--box\" data-box-index=\"6\">\n                            <div class=\"boxes--text\"><p>Notre service client garantit que vous disposez de votre propre responsable client\u00e8le pour toutes vos questions.<\/p>\n<\/div>\n                        <\/div>\n                    <\/div>\n\n\t\t            \n                    <div class=\"col-md-6 col-lg-4 d-inline-flex justify-content-center box-col\">\n                        <div class=\"boxes--box\" data-box-index=\"7\">\n                            <div class=\"boxes--text\"><p>Le recyclage nous tient \u00e0 c\u0153ur. Tous nos d\u00e9chets sont tri\u00e9s ou r\u00e9utilis\u00e9s pour r\u00e9duire au maximum notre empreinte \u00e9cologique.<\/p>\n<\/div>\n                        <\/div>\n                    <\/div>\n\n\t\t                        <\/div>\n        <\/div>\n    <\/section>\n\n\n\n\n<\/div><\/div><\/div><div id=\"pg-gb4293-69dedfdcb1e02-4\"  class=\"panel-grid panel-no-style\" ><div id=\"pgc-gb4293-69dedfdcb1e02-4-0\"  class=\"panel-grid-cell\" ><div id=\"panel-gb4293-69dedfdcb1e02-4-0-0\" class=\"so-panel widget widget_siteorigin-panels-postloop panel-first-child panel-last-child\" data-index=\"4\" >\n<section class=\"testimonials--section text-center\" style=\"background-image: url()\">\n    <div class=\"testimonials--inner\">\n                    <h3 class=\"widget-title testimonials--title\">Approuv\u00e9 par<\/h3>\n                            <div class=\"testimonials--glide-container\">\n                <div class=\"glide\" id=\"sectionTestimonialsSlider\">\n                    <div class=\"glide__track\" data-glide-el=\"track\">\n                        <ul class=\"glide__slides\">\n                        \n                            <li class=\"glide__slide\">\n                                <div class=\"glide__slide--inner text-center\">\n                                    <div class=\"testimonials--testimonial\">\n                                        <p>\u00ab BE Networks soutient notre activit\u00e9 et nos infrastructures depuis 5 ans. Merci pour cette collaboration sur le long terme. \u00bb<\/p>\n                                    <\/div>\n                                    <div class=\"testimonials--from\">\n                                        <span>Jean Philippe, partenaire de gestion<\/span>                                        <span> &#8211; <\/span>                                        <span>France<\/span>                                    <\/div>\n                                <\/div>\n                            <\/li>\n                        \n                            <li class=\"glide__slide\">\n                                <div class=\"glide__slide--inner text-center\">\n                                    <div class=\"testimonials--testimonial\">\n                                        <p>\u00ab J&rsquo;ai h\u00e2te de commencer le routage CISCO ! La transaction s&rsquo;est parfaitement d\u00e9roul\u00e9e, c&rsquo;est un plaisir de faire affaire avec BE Networks. \u00bb<\/p>\n                                    <\/div>\n                                    <div class=\"testimonials--from\">\n                                        <span>Florin, responsable informatique<\/span>                                        <span> &#8211; <\/span>                                        <span>Roumanie<\/span>                                    <\/div>\n                                <\/div>\n                            <\/li>\n                        \n                            <li class=\"glide__slide\">\n                                <div class=\"glide__slide--inner text-center\">\n                                    <div class=\"testimonials--testimonial\">\n                                        <p>\u00ab Nous avons contact\u00e9 BE Networks car nous voulions actualiser notre \u00e9quipement principal sans d\u00e9passer notre budget. Le cahier des charges comportait des exigences techniques sp\u00e9cifiques et notre contact a couvert tous nos besoins \u00e0 un prix tr\u00e8s raisonnable. Tous les \u00e9quipements sont arriv\u00e9s aux \u00c9tats-Unis parfaitement emball\u00e9s et fonctionnels.<br \/>\nLa collaboration est essentielle et nous continuerons \u00e0 faire appel \u00e0 Be-Networks \u00e0 l&rsquo;avenir ! \u00bb<\/p>\n                                    <\/div>\n                                    <div class=\"testimonials--from\">\n                                        <span>Ryan, directeur du d\u00e9veloppement de solutions<\/span>                                        <span> &#8211; <\/span>                                        <span>\u00c9tats-Unis<\/span>                                    <\/div>\n                                <\/div>\n                            <\/li>\n                        \n                            <li class=\"glide__slide\">\n                                <div class=\"glide__slide--inner text-center\">\n                                    <div class=\"testimonials--testimonial\">\n                                        <p>\u00ab Merci de m&rsquo;avoir rappel\u00e9 si rapidement apr\u00e8s avoir re\u00e7u mon e-mail urgent. Je sais que je suis entre de bonnes mains. \u00bb<\/p>\n                                    <\/div>\n                                    <div class=\"testimonials--from\">\n                                        <span>Yilmaz, PDG<\/span>                                        <span> &#8211; <\/span>                                        <span>Su\u00e8de<\/span>                                    <\/div>\n                                <\/div>\n                            <\/li>\n                        \n                            <li class=\"glide__slide\">\n                                <div class=\"glide__slide--inner text-center\">\n                                    <div class=\"testimonials--testimonial\">\n                                        <p>\u00ab Qualit\u00e9 et service excellents. BE Networks est plus qu&rsquo;un partenaire commercial, ce sont nos amis. \u00bb<\/p>\n                                    <\/div>\n                                    <div class=\"testimonials--from\">\n                                        <span>Sunday , responsable informatique<\/span>                                        <span> &#8211; <\/span>                                        <span>Nig\u00e9ria<\/span>                                    <\/div>\n                                <\/div>\n                            <\/li>\n                                                <\/ul>\n                    <\/div>\n                    <div class=\"glide__arrows\" data-glide-el=\"controls\">\n                        <button class=\"glide__arrow glide__arrow--left\" data-glide-dir=\"&lt;\" title=\"Previous\" aria-label=\"Previous\">&nbsp;<\/button>\n                        <button class=\"glide__arrow glide__arrow--right\" data-glide-dir=\"&gt;\" title=\"Next\" aria-label=\"Next\">&nbsp;<\/button>\n                    <\/div>\n                <\/div>\n            <\/div>\n            <\/div>\n<\/section>\n\n\n\n\n<\/div><\/div><\/div><\/div>","protected":false},"excerpt":{"rendered":"","protected":false},"author":4,"featured_media":3679,"parent":0,"menu_order":0,"comment_status":"closed","ping_status":"closed","template":"","meta":{"inline_featured_image":false},"acf":[],"_links":{"self":[{"href":"https:\/\/www.be-networks.be\/fr\/wp-json\/wp\/v2\/pages\/4293"}],"collection":[{"href":"https:\/\/www.be-networks.be\/fr\/wp-json\/wp\/v2\/pages"}],"about":[{"href":"https:\/\/www.be-networks.be\/fr\/wp-json\/wp\/v2\/types\/page"}],"author":[{"embeddable":true,"href":"https:\/\/www.be-networks.be\/fr\/wp-json\/wp\/v2\/users\/4"}],"replies":[{"embeddable":true,"href":"https:\/\/www.be-networks.be\/fr\/wp-json\/wp\/v2\/comments?post=4293"}],"version-history":[{"count":12,"href":"https:\/\/www.be-networks.be\/fr\/wp-json\/wp\/v2\/pages\/4293\/revisions"}],"predecessor-version":[{"id":4773,"href":"https:\/\/www.be-networks.be\/fr\/wp-json\/wp\/v2\/pages\/4293\/revisions\/4773"}],"wp:featuredmedia":[{"embeddable":true,"href":"https:\/\/www.be-networks.be\/fr\/wp-json\/wp\/v2\/media\/3679"}],"wp:attachment":[{"href":"https:\/\/www.be-networks.be\/fr\/wp-json\/wp\/v2\/media?parent=4293"}],"curies":[{"name":"wp","href":"https:\/\/api.w.org\/{rel}","templated":true}]}}