{"id":4295,"date":"2022-01-11T12:29:08","date_gmt":"2022-01-11T11:29:08","guid":{"rendered":"https:\/\/www.be-networks.be\/sell-your-product\/"},"modified":"2022-06-02T12:56:35","modified_gmt":"2022-06-02T10:56:35","slug":"sell-your-product","status":"publish","type":"page","link":"https:\/\/www.be-networks.be\/fr\/sell-your-product\/","title":{"rendered":"Vendre votre produit"},"content":{"rendered":"<div id=\"pl-gb4295-69f0e525204c4\"  class=\"panel-layout\" ><div id=\"pg-gb4295-69f0e525204c4-0\"  class=\"panel-grid panel-has-style\" ><div class=\"panel-row-style panel-row-style-for-gb4295-69f0e525204c4-0\" ><div id=\"pgc-gb4295-69f0e525204c4-0-0\"  class=\"panel-grid-cell\" ><div id=\"panel-gb4295-69f0e525204c4-0-0-0\" class=\"so-panel widget widget_sow-headline panel-first-child\" data-index=\"0\" ><div\n\t\t\t\n\t\t\tclass=\"so-widget-sow-headline so-widget-sow-headline-default-94c88818c68e-4295\"\n\t\t\t\n\t\t><div class=\"sow-headline-container \">\n\t<h2 class='sow-headline'>Vous souhaitez vendre votre mat\u00e9riel informatique usag\u00e9 ou exc\u00e9dentaire ?<\/h2><h3 class='sow-sub-headline'>Nous achetons les \u00e9quipements r\u00e9seau neufs et d&rsquo;occasion des principaux fabricants !<\/h3><\/div><\/div><\/div><div id=\"panel-gb4295-69f0e525204c4-0-0-1\" class=\"so-panel widget widget_sow-editor panel-last-child\" data-index=\"1\" ><div class=\"panel-widget-style panel-widget-style-for-gb4295-69f0e525204c4-0-0-1\" ><div\n\t\t\t\n\t\t\tclass=\"so-widget-sow-editor so-widget-sow-editor-base\"\n\t\t\t\n\t\t>\n<div class=\"siteorigin-widget-tinymce textwidget\">\n\t<ol>\n<li>Envoyez-nous une liste de votre inventaire<\/li>\n<li>Recevez une offre dans les 24 h<\/li>\n<li>Nous nous occupons de la logistique, de la collecte et de l&#8217;emballage<\/li>\n<\/ol>\n<\/div>\n<\/div><\/div><\/div><\/div><\/div><\/div><\/div>\n\n\n<div class=\"wp-block-contact-form-7-contact-form-selector\"><div role=\"form\" class=\"wpcf7\" id=\"wpcf7-f4861-o1\" lang=\"fr-FR\" dir=\"ltr\">\n<div class=\"screen-reader-response\"><p role=\"status\" aria-live=\"polite\" aria-atomic=\"true\"><\/p> <ul><\/ul><\/div>\n<form action=\"\/fr\/wp-json\/wp\/v2\/pages\/4295#wpcf7-f4861-o1\" method=\"post\" class=\"wpcf7-form init\" enctype=\"multipart\/form-data\" novalidate=\"novalidate\" data-status=\"init\">\n<div style=\"display: none;\">\n<input type=\"hidden\" name=\"_wpcf7\" value=\"4861\" \/>\n<input type=\"hidden\" name=\"_wpcf7_version\" value=\"5.5.6.1\" \/>\n<input type=\"hidden\" name=\"_wpcf7_locale\" value=\"fr_FR\" \/>\n<input type=\"hidden\" name=\"_wpcf7_unit_tag\" value=\"wpcf7-f4861-o1\" \/>\n<input type=\"hidden\" name=\"_wpcf7_container_post\" value=\"0\" \/>\n<input type=\"hidden\" name=\"_wpcf7_posted_data_hash\" value=\"\" \/>\n<input type=\"hidden\" name=\"_wpcf7_recaptcha_response\" value=\"\" \/>\n<\/div>\n<div class=\"row rq-top-row\">\n<div class=\"col-sm-6\">\n<div class=\"form-group\">\n            <label>First name <sup style=\"color:red;\">*<\/sup><\/label><br \/>\n            <span class=\"wpcf7-form-control-wrap sp-firstname\"><input type=\"text\" name=\"sp-firstname\" value=\"\" size=\"40\" class=\"wpcf7-form-control wpcf7-text wpcf7-validates-as-required form-control\" aria-required=\"true\" aria-invalid=\"false\" placeholder=\"Enter your name\" \/><\/span>\n        <\/div>\n<\/div>\n<div class=\"col-sm-6\">\n<div class=\"form-group\">\n            <label>Last name <sup style=\"color:red;\">*<\/sup><\/label><br \/>\n            <span class=\"wpcf7-form-control-wrap sp-lastname\"><input type=\"text\" name=\"sp-lastname\" value=\"\" size=\"40\" class=\"wpcf7-form-control wpcf7-text wpcf7-validates-as-required form-control\" aria-required=\"true\" aria-invalid=\"false\" placeholder=\"Enter your surname\" \/><\/span>\n        <\/div>\n<\/div>\n<\/div>\n<div class=\"row rq-top-row\">\n<div class=\"col-sm-12\">\n<div class=\"form-group\">\n            <label>Email address <sup style=\"color:red;\">*<\/sup><\/label><br \/>\n            <span class=\"wpcf7-form-control-wrap sp-email\"><input type=\"email\" name=\"sp-email\" value=\"\" size=\"40\" class=\"wpcf7-form-control wpcf7-text wpcf7-email wpcf7-validates-as-required wpcf7-validates-as-email form-control\" aria-required=\"true\" aria-invalid=\"false\" placeholder=\"e.g. example@mail.com\" \/><\/span>\n        <\/div>\n<\/div>\n<\/div>\n<div class=\"row rq-top-row\">\n<div class=\"col-sm-12\">\n<div class=\"form-group\">\n            <label>Phone number <sup style=\"color:red;\">*<\/sup><\/label><br \/>\n            <span class=\"wpcf7-form-control-wrap sp-tel\"><input type=\"tel\" name=\"sp-tel-cf7it-national\" value=\"\" class=\"wpcf7-form-control wpcf7-intl-tel wpcf7-intl_tel wpcf7-validates-as-required form-control\" aria-required=\"true\" aria-invalid=\"false\" data-preferredcountries=\"gb-us\" \/><input type=\"hidden\" name=\"sp-tel\" class=\"wpcf7-intl-tel-full\" \/><input type=\"hidden\" name=\"sp-tel-cf7it-country-name\" class=\"wpcf7-intl-tel-country-name\" \/><input type=\"hidden\" name=\"sp-tel-cf7it-country-code\" class=\"wpcf7-intl-tel-country-code\" \/><input type=\"hidden\" name=\"sp-tel-cf7it-country-iso2\" class=\"wpcf7-intl-tel-country-iso2\" \/><\/span>\n        <\/div>\n<\/div>\n<\/div>\n<div class=\"row rq-top-row\">\n<div class=\"col-sm-12\">\n<div class=\"form-group\">\n            <label>Company name <sup style=\"color:red;\">*<\/sup><\/label><br \/>\n            <span class=\"wpcf7-form-control-wrap sp-cname\"><input type=\"text\" name=\"sp-cname\" value=\"\" size=\"40\" class=\"wpcf7-form-control wpcf7-text wpcf7-validates-as-required form-control\" aria-required=\"true\" aria-invalid=\"false\" placeholder=\"Enter your company name\" \/><\/span>\n        <\/div>\n<\/div>\n<\/div>\n<div class=\"row rq-bottom-row\">\n<div class=\"col-sm-12\">\n<h3 class=\"form-section-header\">Products info<\/h3>\n<\/div>\n<\/div>\n<div data-wpcf7-group-id=\"products\" id=\"products-groups\" tabindex=\"1\" class=\"wpcf7-field-groups \">\n<div class=\"wpcf7-field-group\">\n<div class=\"row rq-group-row\">\n<div class=\"col-sm-12 col-md-2\">\n<div class=\"form-group\">\n            <label>Quantity <sup style=\"color:red;\">*<\/sup><\/label><br \/>\n            <span class=\"wpcf7-form-control-wrap sp-product-quantity\"><select name=\"sp-product-quantity\" class=\"wpcf7-form-control wpcf7-select wpcf7-validates-as-required form-control\" aria-required=\"true\" aria-invalid=\"false\"><option value=\"1\">1<\/option><option value=\"2\">2<\/option><option value=\"3\">3<\/option><option value=\"4\">4<\/option><option value=\"5\">5<\/option><option value=\"6\">6<\/option><option value=\"7\">7<\/option><option value=\"8\">8<\/option><option value=\"9\">9<\/option><option value=\"10\">10<\/option><\/select><\/span>\n        <\/div>\n<\/div>\n<div class=\"col-sm-12 col-md-5\">\n<div class=\"form-group\">\n            <label>Product <sup style=\"color:red;\">*<\/sup><\/label><br \/>\n            <span class=\"wpcf7-form-control-wrap sp-product-serial\"><input type=\"text\" name=\"sp-product-serial\" value=\"\" size=\"40\" class=\"wpcf7-form-control wpcf7-text wpcf7-validates-as-required form-control\" aria-required=\"true\" aria-invalid=\"false\" placeholder=\"Enter the part number\" \/><\/span>\n        <\/div>\n<\/div>\n<div class=\"col-sm-12 col-md-5\">\n<div class=\"form-group\">\n            <label>Condition <sup style=\"color:red;\">*<\/sup><\/label><br \/>\n            <span class=\"wpcf7-form-control-wrap sp-product-condition\"><select name=\"sp-product-condition\" class=\"wpcf7-form-control wpcf7-select wpcf7-validates-as-required form-control\" aria-required=\"true\" aria-invalid=\"false\"><option value=\"\">---<\/option><option value=\"New\">New<\/option><option value=\"Refurbished\">Refurbished<\/option><\/select><\/span>\n        <\/div>\n<\/div>\n<\/div>\n<p><button type='button' class='wpcf7-field-group-remove '>Remove product<\/button><button type='button' class='wpcf7-field-group-add '>Add new product<\/button><input type=\"hidden\" class=\"wpcf7-field-group-count\" name=\"_wpcf7_groups_count[products]\" value=\"1\" \/><\/div>\n<\/div>\n<div class=\"row\">\n<div class=\"col-sm-12\">\n<div class=\"upload-wrapper\">\n<div class=\"title\">\n<h3>File upload <sup style=\"color:red;\">*<\/sup><\/h3>\n<p>(.xls .xlsx .doc .docx .txt | Max.: 8Mb)<\/p>\n<\/div>\n<div class=\"upload-btn-wrapper\">\n                <label class=\"btn d-flex flex-wrap align-items-center justify-content-center\" role=\"button\"><br \/>\n                    <span class=\"wpcf7-form-control-wrap sp-file\"><input type=\"file\" name=\"sp-file\" size=\"40\" class=\"wpcf7-form-control wpcf7-file wpcf7-validates-as-required upload_file\" accept=\".xls,.xlsx,.docx,.doc,.txt\" aria-required=\"true\" aria-invalid=\"false\" \/><\/span><br \/>\n                    <span>Browse file<\/span><img src=\"\/wp-content\/uploads\/2020\/11\/upload-icon-white.svg\"\/><br \/>\n                <\/label><br \/>\n                <span class=\"mm_upload_filename\"><\/span>\n            <\/div>\n<\/div>\n<\/div>\n<\/div>\n<div class=\"row\">\n<div class=\"col-sm-12\">\n        <label>Comments (optional)<\/label><br \/>\n        <span class=\"wpcf7-form-control-wrap sp-textarea\"><textarea name=\"sp-textarea\" cols=\"40\" rows=\"10\" class=\"wpcf7-form-control wpcf7-textarea form-control\" aria-invalid=\"false\" placeholder=\"Write your message\"><\/textarea><\/span>\n    <\/div>\n<\/div>\n<div class=\"row rq-marketing-row\">\n<div class=\"col-sm-12 checkbox-style\">\n        <span class=\"wpcf7-form-control-wrap sp-marketing\"><span class=\"wpcf7-form-control wpcf7-acceptance optional\"><span class=\"wpcf7-list-item\"><label><input type=\"checkbox\" name=\"sp-marketing\" value=\"1\" aria-invalid=\"false\" \/><span class=\"wpcf7-list-item-label\">We would like to send you marketing communications based on our legitimate interests, as described in our <a href=\"\/privacy-policy\/\" target=\"_blank\">Privacy Policy.<\/a> If you prefer not to receive these communications, please check the box.<\/span><\/label><\/span><\/span><\/span>\n    <\/div>\n<\/div>\n<div class=\"row rq-acceptance-row\">\n<div class=\"col-sm-12 checkbox-style\">\n        <span class=\"wpcf7-form-control-wrap sp-acceptance\"><span class=\"wpcf7-form-control wpcf7-acceptance\"><span class=\"wpcf7-list-item\"><label><input type=\"checkbox\" name=\"sp-acceptance\" value=\"1\" aria-invalid=\"false\" class=\"acceptance-checkbox\" \/><span class=\"wpcf7-list-item-label\">I agree with the <a href=\"\/privacy-policy\/\" target=\"_blank\">Terms & Conditions.<\/a><\/span><\/label><\/span><\/span><\/span>\n    <\/div>\n<\/div>\n<div class=\"row\">\n<div class=\"col-sm-12 text-center\">\n<p>All fields marked with asterisk ( <sup style=\"color:red;\">*<\/sup> ) are mandatory<\/p>\n<\/div>\n<div class=\"col-sm-12 text-center text-md-right\">\n        <input type=\"submit\" value=\"Send request\" class=\"wpcf7-form-control has-spinner wpcf7-submit btn btn-primary\" \/>\n    <\/div>\n<\/div>\n<div class=\"wpcf7-response-output\" aria-hidden=\"true\"><\/div><\/form><\/div><\/div>\n","protected":false},"excerpt":{"rendered":"<p>Envoyez-nous une liste de votre inventaire Recevez une offre dans les 24 h Nous nous occupons de la logistique, de la collecte et de l&#8217;emballage<\/p>\n","protected":false},"author":9,"featured_media":0,"parent":0,"menu_order":0,"comment_status":"closed","ping_status":"closed","template":"sell-your-product.php","meta":{"inline_featured_image":false},"acf":[],"_links":{"self":[{"href":"https:\/\/www.be-networks.be\/fr\/wp-json\/wp\/v2\/pages\/4295"}],"collection":[{"href":"https:\/\/www.be-networks.be\/fr\/wp-json\/wp\/v2\/pages"}],"about":[{"href":"https:\/\/www.be-networks.be\/fr\/wp-json\/wp\/v2\/types\/page"}],"author":[{"embeddable":true,"href":"https:\/\/www.be-networks.be\/fr\/wp-json\/wp\/v2\/users\/9"}],"replies":[{"embeddable":true,"href":"https:\/\/www.be-networks.be\/fr\/wp-json\/wp\/v2\/comments?post=4295"}],"version-history":[{"count":2,"href":"https:\/\/www.be-networks.be\/fr\/wp-json\/wp\/v2\/pages\/4295\/revisions"}],"predecessor-version":[{"id":4894,"href":"https:\/\/www.be-networks.be\/fr\/wp-json\/wp\/v2\/pages\/4295\/revisions\/4894"}],"wp:attachment":[{"href":"https:\/\/www.be-networks.be\/fr\/wp-json\/wp\/v2\/media?parent=4295"}],"curies":[{"name":"wp","href":"https:\/\/api.w.org\/{rel}","templated":true}]}}