{"id":4306,"date":"2020-11-12T11:15:53","date_gmt":"2020-11-12T10:15:53","guid":{"rendered":"https:\/\/www.be-networks.be\/request-a-quote\/"},"modified":"2022-06-01T09:33:23","modified_gmt":"2022-06-01T07:33:23","slug":"request-a-quote","status":"publish","type":"page","link":"https:\/\/www.be-networks.be\/fr\/request-a-quote\/","title":{"rendered":"Demander un devis"},"content":{"rendered":"\n<div class=\"wp-block-contact-form-7-contact-form-selector\"><div role=\"form\" class=\"wpcf7\" id=\"wpcf7-f4864-o1\" lang=\"fr-FR\" dir=\"ltr\">\n<div class=\"screen-reader-response\"><p role=\"status\" aria-live=\"polite\" aria-atomic=\"true\"><\/p> <ul><\/ul><\/div>\n<form action=\"\/fr\/wp-json\/wp\/v2\/pages\/4306#wpcf7-f4864-o1\" method=\"post\" class=\"wpcf7-form init\" novalidate=\"novalidate\" data-status=\"init\">\n<div style=\"display: none;\">\n<input type=\"hidden\" name=\"_wpcf7\" value=\"4864\" \/>\n<input type=\"hidden\" name=\"_wpcf7_version\" value=\"5.5.6.1\" \/>\n<input type=\"hidden\" name=\"_wpcf7_locale\" value=\"fr_FR\" \/>\n<input type=\"hidden\" name=\"_wpcf7_unit_tag\" value=\"wpcf7-f4864-o1\" \/>\n<input type=\"hidden\" name=\"_wpcf7_container_post\" value=\"0\" \/>\n<input type=\"hidden\" name=\"_wpcf7_posted_data_hash\" value=\"\" \/>\n<input type=\"hidden\" name=\"_wpcf7_recaptcha_response\" value=\"\" \/>\n<\/div>\n<div class=\"row rq-top-row\">\n<div class=\"col-sm-6\">\n<div class=\"form-group\">\n            <label>Pr\u00e9nom <sup style=\"color:red;\">*<\/sup><\/label><br \/>\n            <span class=\"wpcf7-form-control-wrap rq-firstname\"><input type=\"text\" name=\"rq-firstname\" value=\"\" size=\"40\" class=\"wpcf7-form-control wpcf7-text wpcf7-validates-as-required form-control\" aria-required=\"true\" aria-invalid=\"false\" placeholder=\"Pr\u00e9nom\" \/><\/span>\n        <\/div>\n<\/div>\n<div class=\"col-sm-6\">\n<div class=\"form-group\">\n            <label>Nom <sup style=\"color:red;\">*<\/sup><\/label><br \/>\n            <span class=\"wpcf7-form-control-wrap rq-lastname\"><input type=\"text\" name=\"rq-lastname\" value=\"\" size=\"40\" class=\"wpcf7-form-control wpcf7-text wpcf7-validates-as-required form-control\" aria-required=\"true\" aria-invalid=\"false\" placeholder=\"Nom\" \/><\/span>\n        <\/div>\n<\/div>\n<\/div>\n<div class=\"row rq-top-row\">\n<div class=\"col-sm-12\">\n<div class=\"form-group\">\n            <label>Adresse e-mail <sup style=\"color:red;\">*<\/sup><\/label><br \/>\n            <span class=\"wpcf7-form-control-wrap rq-email\"><input type=\"email\" name=\"rq-email\" value=\"\" size=\"40\" class=\"wpcf7-form-control wpcf7-text wpcf7-email wpcf7-validates-as-required wpcf7-validates-as-email form-control\" aria-required=\"true\" aria-invalid=\"false\" placeholder=\"example@mail.com\" \/><\/span>\n        <\/div>\n<\/div>\n<\/div>\n<div class=\"row rq-top-row\">\n<div class=\"col-sm-12\">\n<div class=\"form-group\">\n            <label>Num\u00e9ro de t\u00e9l\u00e9phone <sup style=\"color:red;\">*<\/sup><\/label><br \/>\n            <span class=\"wpcf7-form-control-wrap rq-tel\"><input type=\"tel\" name=\"rq-tel-cf7it-national\" value=\"\" class=\"wpcf7-form-control wpcf7-intl-tel wpcf7-intl_tel wpcf7-validates-as-required form-control\" aria-required=\"true\" aria-invalid=\"false\" data-preferredcountries=\"fr\" \/><input type=\"hidden\" name=\"rq-tel\" class=\"wpcf7-intl-tel-full\" \/><input type=\"hidden\" name=\"rq-tel-cf7it-country-name\" class=\"wpcf7-intl-tel-country-name\" \/><input type=\"hidden\" name=\"rq-tel-cf7it-country-code\" class=\"wpcf7-intl-tel-country-code\" \/><input type=\"hidden\" name=\"rq-tel-cf7it-country-iso2\" class=\"wpcf7-intl-tel-country-iso2\" \/><\/span>\n        <\/div>\n<\/div>\n<\/div>\n<div class=\"row rq-top-row\">\n<div class=\"col-sm-12\">\n<div class=\"form-group\">\n            <label>Nom de l'entreprise <sup style=\"color:red;\">*<\/sup><\/label><br \/>\n            <span class=\"wpcf7-form-control-wrap rq-cname\"><input type=\"text\" name=\"rq-cname\" value=\"\" size=\"40\" class=\"wpcf7-form-control wpcf7-text wpcf7-validates-as-required form-control\" aria-required=\"true\" aria-invalid=\"false\" placeholder=\"Nom de l&#039;entreprise\" \/><\/span>\n        <\/div>\n<\/div>\n<\/div>\n<div class=\"row rq-bottom-row\">\n<div class=\"col-sm-12\">\n<h3 class=\"form-section-header\">Informations sur les produits<\/h3>\n<\/div>\n<\/div>\n<div data-wpcf7-group-id=\"products\" id=\"products-groups\" tabindex=\"1\" class=\"wpcf7-field-groups \">\n<div class=\"wpcf7-field-group\">\n<div class=\"row rq-group-row\">\n<div class=\"col-sm-12 col-md-2\">\n<div class=\"form-group\">\n            <label>Quantit\u00e9 <sup style=\"color:red;\">*<\/sup><\/label><br \/>\n            <span class=\"wpcf7-form-control-wrap rq-product-quantity\"><select name=\"rq-product-quantity\" class=\"wpcf7-form-control wpcf7-select wpcf7-validates-as-required form-control\" aria-required=\"true\" aria-invalid=\"false\"><option value=\"1\">1<\/option><option value=\"2\">2<\/option><option value=\"3\">3<\/option><option value=\"4\">4<\/option><option value=\"5\">5<\/option><option value=\"6\">6<\/option><option value=\"7\">7<\/option><option value=\"8\">8<\/option><option value=\"9\">9<\/option><option value=\"10\">10<\/option><\/select><\/span>\n        <\/div>\n<\/div>\n<div class=\"col-sm-12 col-md-5\">\n<div class=\"form-group\">\n            <label>Produits <sup style=\"color:red;\">*<\/sup><\/label><br \/>\n            <span class=\"wpcf7-form-control-wrap rq-product-serial\"><input type=\"text\" name=\"rq-product-serial\" value=\"\" size=\"40\" class=\"wpcf7-form-control wpcf7-text wpcf7-validates-as-required form-control\" aria-required=\"true\" aria-invalid=\"false\" placeholder=\"Entrez le num\u00e9ro de pi\u00e8ce\" \/><\/span>\n        <\/div>\n<\/div>\n<div class=\"col-sm-12 col-md-5\">\n<div class=\"form-group\">\n            <label>\u00c9tat <sup style=\"color:red;\">*<\/sup><\/label><br \/>\n            <span class=\"wpcf7-form-control-wrap rq-product-condition\"><select name=\"rq-product-condition\" class=\"wpcf7-form-control wpcf7-select wpcf7-validates-as-required form-control\" aria-required=\"true\" aria-invalid=\"false\"><option value=\"\">---<\/option><option value=\"Neuf\">Neuf<\/option><option value=\"Reconditionn\u00e9\">Reconditionn\u00e9<\/option><\/select><\/span>\n        <\/div>\n<\/div>\n<\/div>\n<p><button type='button' class='wpcf7-field-group-remove '>Remove product<\/button><button type='button' class='wpcf7-field-group-add '>Add new product<\/button><input type=\"hidden\" class=\"wpcf7-field-group-count\" name=\"_wpcf7_groups_count[products]\" value=\"1\" \/><\/div>\n<\/div>\n<div class=\"row\">\n<div class=\"col-sm-12\">\n        <label>Commentaires (facultatif)<\/label><br \/>\n        <span class=\"wpcf7-form-control-wrap rq-textarea\"><textarea name=\"rq-textarea\" cols=\"40\" rows=\"10\" class=\"wpcf7-form-control wpcf7-textarea form-control\" aria-invalid=\"false\" placeholder=\"R\u00e9digez votre message\"><\/textarea><\/span>\n    <\/div>\n<\/div>\n<div class=\"row rq-marketing-row\">\n<div class=\"col-sm-12 checkbox-style\">\n        <span class=\"wpcf7-form-control-wrap rq-marketing\"><span class=\"wpcf7-form-control wpcf7-acceptance optional\"><span class=\"wpcf7-list-item\"><label><input type=\"checkbox\" name=\"rq-marketing\" value=\"1\" aria-invalid=\"false\" \/><span class=\"wpcf7-list-item-label\">Nous aimerions vous envoyer des communications marketing bas\u00e9es sur nos int\u00e9r\u00eats l\u00e9gitimes, comme d\u00e9crit dans notre <a href=\"\/fr\/privacy-policy\/\" target=\"_blank\">Politique de confidentialit\u00e9.<\/a> Si vous pr\u00e9f\u00e9rez ne pas recevoir ces communications , veuillez cocher la case.<\/span><\/label><\/span><\/span><\/span>\n    <\/div>\n<\/div>\n<div class=\"row rq-acceptance-row\">\n<div class=\"col-sm-12 checkbox-style\">\n        <span class=\"wpcf7-form-control-wrap rq-acceptance\"><span class=\"wpcf7-form-control wpcf7-acceptance\"><span class=\"wpcf7-list-item\"><label><input type=\"checkbox\" name=\"rq-acceptance\" value=\"1\" aria-invalid=\"false\" class=\"acceptance-checkbox\" \/><span class=\"wpcf7-list-item-label\">J'accepte les <a href=\"\/fr\/privacy-policy\/\" target=\"_blank\">Conditions d'utilisation.<\/a><\/span><\/label><\/span><\/span><\/span>\n    <\/div>\n<\/div>\n<div class=\"row\">\n<div class=\"col-sm-12 text-center\">\n<p>Tous les champs marqu\u00e9s d'un ast\u00e9risque ( <sup style=\"color:red;\">*<\/sup> ) sont obligatoires<\/p>\n<\/div>\n<div class=\"col-sm-12 text-center text-md-right\">\n        <input type=\"submit\" value=\"Envoyer une demande\" class=\"wpcf7-form-control has-spinner wpcf7-submit btn btn-primary\" \/>\n    <\/div>\n<\/div>\n<div class=\"wpcf7-response-output\" aria-hidden=\"true\"><\/div><\/form><\/div><\/div>\n","protected":false},"excerpt":{"rendered":"","protected":false},"author":4,"featured_media":0,"parent":0,"menu_order":0,"comment_status":"closed","ping_status":"closed","template":"page-request-a-quote.php","meta":{"inline_featured_image":false},"acf":[],"_links":{"self":[{"href":"https:\/\/www.be-networks.be\/fr\/wp-json\/wp\/v2\/pages\/4306"}],"collection":[{"href":"https:\/\/www.be-networks.be\/fr\/wp-json\/wp\/v2\/pages"}],"about":[{"href":"https:\/\/www.be-networks.be\/fr\/wp-json\/wp\/v2\/types\/page"}],"author":[{"embeddable":true,"href":"https:\/\/www.be-networks.be\/fr\/wp-json\/wp\/v2\/users\/4"}],"replies":[{"embeddable":true,"href":"https:\/\/www.be-networks.be\/fr\/wp-json\/wp\/v2\/comments?post=4306"}],"version-history":[{"count":1,"href":"https:\/\/www.be-networks.be\/fr\/wp-json\/wp\/v2\/pages\/4306\/revisions"}],"predecessor-version":[{"id":4758,"href":"https:\/\/www.be-networks.be\/fr\/wp-json\/wp\/v2\/pages\/4306\/revisions\/4758"}],"wp:attachment":[{"href":"https:\/\/www.be-networks.be\/fr\/wp-json\/wp\/v2\/media?parent=4306"}],"curies":[{"name":"wp","href":"https:\/\/api.w.org\/{rel}","templated":true}]}}