{"id":4310,"date":"2020-11-09T10:33:25","date_gmt":"2020-11-09T09:33:25","guid":{"rendered":"https:\/\/www.be-networks.be\/sponsorships\/"},"modified":"2022-06-01T12:05:04","modified_gmt":"2022-06-01T10:05:04","slug":"sponsorships","status":"publish","type":"page","link":"https:\/\/www.be-networks.be\/fr\/sponsorships\/","title":{"rendered":"Parrainages"},"content":{"rendered":"<div id=\"pl-gb4310-69dee2e9eaafc\"  class=\"panel-layout\" ><div id=\"pg-gb4310-69dee2e9eaafc-0\"  class=\"panel-grid panel-no-style\" ><div id=\"pgc-gb4310-69dee2e9eaafc-0-0\"  class=\"panel-grid-cell\" ><div id=\"panel-gb4310-69dee2e9eaafc-0-0-0\" class=\"so-panel widget widget_sow-editor panel-first-child panel-last-child\" data-index=\"0\" ><div class=\"panel-widget-style panel-widget-style-for-gb4310-69dee2e9eaafc-0-0-0\" ><div\n\t\t\t\n\t\t\tclass=\"so-widget-sow-editor so-widget-sow-editor-base\"\n\t\t\t\n\t\t>\n<div class=\"siteorigin-widget-tinymce textwidget\">\n\t<p><b style=\"font-weight:600;color:#0082ba;line-height:1.5;\">Chez BE Networks, notre engagement consiste \u00e0 soutenir les gens et la communaut\u00e9 en parrainant diff\u00e9rentes activit\u00e9s \u00e0 la fois au niveau local et international. Dans la mesure du possible, nous nous impliquons activement dans la planification, l&rsquo;ex\u00e9cution et le suivi des activit\u00e9s afin d&rsquo;en maximiser l&rsquo;impact.<\/b><\/p>\n<\/div>\n<\/div><\/div><\/div><\/div><div id=\"pgc-gb4310-69dee2e9eaafc-0-1\"  class=\"panel-grid-cell\" ><div id=\"panel-gb4310-69dee2e9eaafc-0-1-0\" class=\"so-panel widget widget_sow-editor panel-first-child panel-last-child\" data-index=\"1\" ><div class=\"panel-widget-style panel-widget-style-for-gb4310-69dee2e9eaafc-0-1-0\" ><div\n\t\t\t\n\t\t\tclass=\"so-widget-sow-editor so-widget-sow-editor-base\"\n\t\t\t\n\t\t>\n<div class=\"siteorigin-widget-tinymce textwidget\">\n\t<p>Nos activit\u00e9s de parrainage portent essentiellement sur la sensibilisation \u00e0 l&rsquo;\u00e9conomie circulaire et le soutien aux \u00e9quipes de sport locales. Nos activit\u00e9s vont des s\u00e9jours sportifs pour enfants aux \u00e9quipes de voile professionnelles, et des clubs de hockey sur gazon aux incubateurs d&rsquo;entreprises.<\/p>\n<\/div>\n<\/div><\/div><\/div><\/div><\/div><div id=\"pg-gb4310-69dee2e9eaafc-1\"  class=\"panel-grid panel-no-style\" ><div id=\"pgc-gb4310-69dee2e9eaafc-1-0\"  class=\"panel-grid-cell\" ><div id=\"panel-gb4310-69dee2e9eaafc-1-0-0\" class=\"so-panel widget widget_sow-editor panel-first-child panel-last-child\" data-index=\"2\" ><div class=\"so--hero-text text-center panel-widget-style panel-widget-style-for-gb4310-69dee2e9eaafc-1-0-0\" ><div\n\t\t\t\n\t\t\tclass=\"so-widget-sow-editor so-widget-sow-editor-base\"\n\t\t\t\n\t\t>\n<div class=\"siteorigin-widget-tinymce textwidget\">\n\t<h3>Voici nos principaux parrainages pour 2020-2021 :<\/h3>\n<\/div>\n<\/div><\/div><\/div><\/div><\/div><div id=\"pg-gb4310-69dee2e9eaafc-2\"  class=\"panel-grid panel-no-style\" ><div id=\"pgc-gb4310-69dee2e9eaafc-2-0\"  class=\"panel-grid-cell\" ><div id=\"panel-gb4310-69dee2e9eaafc-2-0-0\" class=\"so-panel widget widget_sow-image panel-first-child\" data-index=\"3\" ><div\n\t\t\t\n\t\t\tclass=\"so-widget-sow-image so-widget-sow-image-default-17bc2272b535-4310\"\n\t\t\t\n\t\t>\n\n<div class=\"sow-image-container\">\n\t\t\t<a\n\t\t\thref=\"http:\/\/www.xbie.be\/\"\n\t\t\ttarget=\"_blank\" rel=\"noopener noreferrer\" \t\t>\n\t\t\t<img decoding=\"async\" src=\"https:\/\/www.be-networks.be\/wp-content\/uploads\/2022\/04\/Finn-Sailing_logo-transparent-400x379.png\" width=\"400\" height=\"379\" srcset=\"https:\/\/www.be-networks.be\/wp-content\/uploads\/2022\/04\/Finn-Sailing_logo-transparent-400x379.png 400w, https:\/\/www.be-networks.be\/wp-content\/uploads\/2022\/04\/Finn-Sailing_logo-transparent-300x284.png 300w, https:\/\/www.be-networks.be\/wp-content\/uploads\/2022\/04\/Finn-Sailing_logo-transparent.png 562w\" sizes=\"(max-width: 400px) 100vw, 400px\" title=\"Finn Sailing_logo transparent\" alt=\"\" loading=\"lazy\" \t\tclass=\"so-widget-image\"\/>\n\t<\/a><\/div>\n\n<\/div><\/div><div id=\"panel-gb4310-69dee2e9eaafc-2-0-1\" class=\"so-panel widget widget_sow-editor panel-last-child\" data-index=\"4\" ><div class=\"panel-widget-style panel-widget-style-for-gb4310-69dee2e9eaafc-2-0-1\" ><div\n\t\t\t\n\t\t\tclass=\"so-widget-sow-editor so-widget-sow-editor-base\"\n\t\t\t\n\t\t>\n<div class=\"siteorigin-widget-tinymce textwidget\">\n\t<p style=\"text-align: center;\"><a href=\"https:\/\/www.finn-sailing.be\/\"><b style=\"font-weight: 600; color: #0082ba; line-height: 1.5;\">https:\/\/www.finn-sailing.be\/<\/b><\/a><\/p>\n<\/div>\n<\/div><\/div><\/div><\/div><\/div><div id=\"pg-gb4310-69dee2e9eaafc-3\"  class=\"panel-grid panel-has-style\" ><div class=\"so--box-layout panel-row-style panel-row-style-for-gb4310-69dee2e9eaafc-3\" ><div id=\"pgc-gb4310-69dee2e9eaafc-3-0\"  class=\"panel-grid-cell\" ><div id=\"panel-gb4310-69dee2e9eaafc-3-0-0\" class=\"so-panel widget widget_sow-editor panel-first-child panel-last-child\" data-index=\"5\" ><div class=\"panel-widget-style panel-widget-style-for-gb4310-69dee2e9eaafc-3-0-0\" ><div\n\t\t\t\n\t\t\tclass=\"so-widget-sow-editor so-widget-sow-editor-base\"\n\t\t\t\n\t\t>\n<div class=\"siteorigin-widget-tinymce textwidget\">\n\t<p>Nous avons le plaisir d&rsquo;annoncer le partenariat entre BE Networks et Finn Sailing Belgium. Le Finn est un d\u00e9riveur moderne pour une personne, \u00e9quip\u00e9 d&rsquo;un m\u00e2t pivotant en carbone flexible qui offre d&rsquo;excellentes possibilit\u00e9s de r\u00e9glage et permet ainsi \u00e0 un large \u00e9ventail de personnes de naviguer, \u00e0 savoir des personnes dont le poids est compris entre 85 et 110 kg et \u00e2g\u00e9s de 18 \u00e0 88 ans. <\/p>\n<p>Le Finn est n\u00e9 en 1949, des mains d&rsquo;un concepteur de cano\u00ebs \u00e0 voiles su\u00e9dois nomm\u00e9 Rickard Sarby, qui l&rsquo;a pr\u00e9sent\u00e9 lors de sa participation au concours organis\u00e9 pour s\u00e9lectionner un nouveau d\u00e9riveur monotype pour les Jeux olympiques d&rsquo;Helsinki (Finlande) en 1952. Quoi qu&rsquo;il ait eu en t\u00eate ce jour-l\u00e0, il aurait difficilement pu imaginer que 70 ans plus tard, les navigateurs du monde entier iraient encore passer du bon temps et r\u00e9gater sur ce m\u00eame mod\u00e8le.<\/p>\n<\/div>\n<\/div><\/div><\/div><\/div><div id=\"pgc-gb4310-69dee2e9eaafc-3-1\"  class=\"panel-grid-cell\" ><div id=\"panel-gb4310-69dee2e9eaafc-3-1-0\" class=\"so-panel widget widget_sow-editor panel-first-child panel-last-child\" data-index=\"6\" ><div class=\"panel-widget-style panel-widget-style-for-gb4310-69dee2e9eaafc-3-1-0\" ><div\n\t\t\t\n\t\t\tclass=\"so-widget-sow-editor so-widget-sow-editor-base\"\n\t\t\t\n\t\t>\n<div class=\"siteorigin-widget-tinymce textwidget\">\n\t<p>En 2020, malheureusement, le Finn a particip\u00e9 \u00e0 ses derniers <strong>Jeux olympiques \u00e0 Tokyo<\/strong>. Les 18e de sa longue carri\u00e8re ! Il peut donc fi\u00e8rement se targuer d&rsquo;\u00eatre le d\u00e9riveur qui d\u00e9tient la plus grande <strong>long\u00e9vit\u00e9 de tous les Jeux olympiques<\/strong>.<\/p>\n<p>En janvier 2017, la \u00ab Finn Class Belgium \u00bb <strong>s&rsquo;est constitu\u00e9e comme organisation \u00e0 but non lucratif<\/strong>, avec pour <strong>objectif de soutenir, unifier et promouvoir<\/strong> la voile et la course sur la classe Finn par des navigateurs belges, tant au niveau national qu&rsquo;international. L&rsquo;organisation compte actuellement une quarantaine d&rsquo;adh\u00e9rents issus de divers clubs de voile r\u00e9partis \u00e0 travers toute la Belgique (Galgenweel, Spuikom, Gavermeer et Maas). Les membres de la Finn Sailing Belgium participent \u00e0 diverses r\u00e9gates nationales et internationales. Pour obtenir le calendrier complet des comp\u00e9titions, veuillez consulter leur site Web.<\/p>\n<\/div>\n<\/div><\/div><\/div><\/div><\/div><\/div><div id=\"pg-gb4310-69dee2e9eaafc-4\"  class=\"panel-grid panel-no-style\" ><div id=\"pgc-gb4310-69dee2e9eaafc-4-0\"  class=\"panel-grid-cell\" ><div id=\"panel-gb4310-69dee2e9eaafc-4-0-0\" class=\"so-panel widget widget_sow-editor panel-first-child panel-last-child\" data-index=\"7\" ><div class=\"panel-widget-style panel-widget-style-for-gb4310-69dee2e9eaafc-4-0-0\" ><div\n\t\t\t\n\t\t\tclass=\"so-widget-sow-editor so-widget-sow-editor-base\"\n\t\t\t\n\t\t>\n<div class=\"siteorigin-widget-tinymce textwidget\">\n\t<h1 style=\"text-align: center;\"><strong><u>Antwerp Sustainability Cup<\/u><\/strong><\/h1>\n<h3 style=\"text-align: center;\"><a href=\"https:\/\/www.sustainability-cup.com\/\">https:\/\/www.sustainability-cup.com\/<\/a><\/h3>\n<\/div>\n<\/div><\/div><\/div><\/div><\/div><div id=\"pg-gb4310-69dee2e9eaafc-5\"  class=\"panel-grid panel-has-style\" ><div class=\"so--box-layout panel-row-style panel-row-style-for-gb4310-69dee2e9eaafc-5\" ><div id=\"pgc-gb4310-69dee2e9eaafc-5-0\"  class=\"panel-grid-cell\" ><div id=\"panel-gb4310-69dee2e9eaafc-5-0-0\" class=\"so-panel widget widget_sow-editor panel-first-child panel-last-child\" data-index=\"8\" ><div class=\"panel-widget-style panel-widget-style-for-gb4310-69dee2e9eaafc-5-0-0\" ><div\n\t\t\t\n\t\t\tclass=\"so-widget-sow-editor so-widget-sow-editor-base\"\n\t\t\t\n\t\t>\n<div class=\"siteorigin-widget-tinymce textwidget\">\n\t<p>BE Networks utilise un mod\u00e8le circulaire dans lequel elle offre \u00e0 ses clients <em><strong>des solutions informatiques durables<\/strong><\/em>. Finn Sailing Belgium accorde \u00e9galement une grande importance aux objectifs de d\u00e9veloppement durable de l&rsquo;Assembl\u00e9e g\u00e9n\u00e9rale des Nations unies et \u00e0 chacun de ses aspects. Avec le vent pour unique force de propulsion, associ\u00e9 \u00e0 la force de l&rsquo;\u00e9quipage, la voile sur d\u00e9riveur est un sport respectueux de l&rsquo;environnement et sans aucune \u00e9mission de CO2.<\/p>\n<\/div>\n<\/div><\/div><\/div><\/div><div id=\"pgc-gb4310-69dee2e9eaafc-5-1\"  class=\"panel-grid-cell\" ><div id=\"panel-gb4310-69dee2e9eaafc-5-1-0\" class=\"so-panel widget widget_sow-editor panel-first-child panel-last-child\" data-index=\"9\" ><div class=\"panel-widget-style panel-widget-style-for-gb4310-69dee2e9eaafc-5-1-0\" ><div\n\t\t\t\n\t\t\tclass=\"so-widget-sow-editor so-widget-sow-editor-base\"\n\t\t\t\n\t\t>\n<div class=\"siteorigin-widget-tinymce textwidget\">\n\t<p>Ainsi est n\u00e9 un nouveau concept qui symbolise la philosophie des deux organisations : l&rsquo;\u00ab <strong><em>Antwerp Sustainability Sailing Cup<\/em><\/strong> \u00bb. \u00ab Propuls\u00e9 par la nature, une navigation s\u00e9rieuse, un plaisir s\u00e9rieux ! \u00bb <\/p>\n<p>La premi\u00e8re \u00e9dition de cette coupe a eu lieu les 12 et 13 mars 2022. Vous trouverez de plus amples informations sur le <a href=\"https:\/\/www.sustainability-cup.com\/\">site Web<\/a>.<\/p>\n<\/div>\n<\/div><\/div><\/div><\/div><\/div><\/div><div id=\"pg-gb4310-69dee2e9eaafc-6\"  class=\"panel-grid panel-no-style\" ><div id=\"pgc-gb4310-69dee2e9eaafc-6-0\"  class=\"panel-grid-cell\" ><div id=\"panel-gb4310-69dee2e9eaafc-6-0-0\" class=\"so-panel widget widget_sow-image panel-first-child panel-last-child\" data-index=\"10\" ><div\n\t\t\t\n\t\t\tclass=\"so-widget-sow-image so-widget-sow-image-default-17bc2272b535-4310\"\n\t\t\t\n\t\t>\n\n<div class=\"sow-image-container\">\n\t\t\t<a\n\t\t\thref=\"http:\/\/www.braxgata.be\/\"\n\t\t\ttarget=\"_blank\" rel=\"noopener noreferrer\" \t\t>\n\t\t\t<img decoding=\"async\" src=\"https:\/\/www.be-networks.be\/wp-content\/uploads\/2020\/11\/braxgata-1-232x300.png\" width=\"232\" height=\"300\" srcset=\"https:\/\/www.be-networks.be\/wp-content\/uploads\/2020\/11\/braxgata-1-232x300.png 232w, https:\/\/www.be-networks.be\/wp-content\/uploads\/2020\/11\/braxgata-1-309x400.png 309w, https:\/\/www.be-networks.be\/wp-content\/uploads\/2020\/11\/braxgata-1.png 456w\" sizes=\"(max-width: 232px) 100vw, 232px\" title=\"braxgata 1\" alt=\"\" loading=\"lazy\" \t\tclass=\"so-widget-image\"\/>\n\t<\/a><\/div>\n\n<\/div><\/div><\/div><\/div><div id=\"pg-gb4310-69dee2e9eaafc-7\"  class=\"panel-grid panel-has-style\" ><div class=\"so--box-layout panel-row-style panel-row-style-for-gb4310-69dee2e9eaafc-7\" ><div id=\"pgc-gb4310-69dee2e9eaafc-7-0\"  class=\"panel-grid-cell\" ><div id=\"panel-gb4310-69dee2e9eaafc-7-0-0\" class=\"so-panel widget widget_sow-editor panel-first-child panel-last-child\" data-index=\"11\" ><div class=\"panel-widget-style panel-widget-style-for-gb4310-69dee2e9eaafc-7-0-0\" ><div\n\t\t\t\n\t\t\tclass=\"so-widget-sow-editor so-widget-sow-editor-base\"\n\t\t\t\n\t\t>\n<div class=\"siteorigin-widget-tinymce textwidget\">\n\t<p>Braxgata est un club de hockey sur gazon situ\u00e9 \u00e0 Boom, en Belgique. Le club a \u00e9t\u00e9 fond\u00e9 en 1979 et compte plus de 1 200 membres, 3 terrains de hockey et une merveilleuse mascotte nomm\u00e9e Braximus. La 1re \u00e9quipe masculine et la 1re \u00e9quipe f\u00e9minine participent \u00e0 la 1re division du Championnat de Belgique (Division d&rsquo;honneur) et ont d\u00e9croch\u00e9 plusieurs titres, remportant toujours un excellent classement au fil des ans.<\/p>\n<\/div>\n<\/div><\/div><\/div><\/div><div id=\"pgc-gb4310-69dee2e9eaafc-7-1\"  class=\"panel-grid-cell\" ><div id=\"panel-gb4310-69dee2e9eaafc-7-1-0\" class=\"so-panel widget widget_sow-editor panel-first-child panel-last-child\" data-index=\"12\" ><div class=\"panel-widget-style panel-widget-style-for-gb4310-69dee2e9eaafc-7-1-0\" ><div\n\t\t\t\n\t\t\tclass=\"so-widget-sow-editor so-widget-sow-editor-base\"\n\t\t\t\n\t\t>\n<div class=\"siteorigin-widget-tinymce textwidget\">\n\t<p>Le joueur le plus \u00e9minent du club s&rsquo;appelle Loick Luypaert, capitaine de l&rsquo;\u00e9quipe masculine et membre de la s\u00e9lection nationale belge, les Lions rouges (champions du monde 2018).<\/p>\n<\/div>\n<\/div><\/div><\/div><\/div><\/div><\/div><div id=\"pg-gb4310-69dee2e9eaafc-8\"  class=\"panel-grid panel-no-style\" ><div id=\"pgc-gb4310-69dee2e9eaafc-8-0\"  class=\"panel-grid-cell\" ><div id=\"panel-gb4310-69dee2e9eaafc-8-0-0\" class=\"so-panel widget widget_sow-image panel-first-child panel-last-child\" data-index=\"13\" ><div\n\t\t\t\n\t\t\tclass=\"so-widget-sow-image so-widget-sow-image-default-17bc2272b535-4310\"\n\t\t\t\n\t\t>\n\n<div class=\"sow-image-container\">\n\t\t\t<a\n\t\t\thref=\"https:\/\/www.fclisse.nl\/voetbalkamp\/\"\n\t\t\ttarget=\"_blank\" rel=\"noopener noreferrer\" \t\t>\n\t\t\t<img decoding=\"async\" src=\"https:\/\/www.be-networks.be\/wp-content\/uploads\/2020\/11\/FC-1-300x297.png\" width=\"300\" height=\"297\" srcset=\"https:\/\/www.be-networks.be\/wp-content\/uploads\/2020\/11\/FC-1-300x297.png 300w, https:\/\/www.be-networks.be\/wp-content\/uploads\/2020\/11\/FC-1-150x150.png 150w, https:\/\/www.be-networks.be\/wp-content\/uploads\/2020\/11\/FC-1-400x396.png 400w, https:\/\/www.be-networks.be\/wp-content\/uploads\/2020\/11\/FC-1.png 590w\" sizes=\"(max-width: 300px) 100vw, 300px\" title=\"FC 1\" alt=\"\" loading=\"lazy\" \t\tclass=\"so-widget-image\"\/>\n\t<\/a><\/div>\n\n<\/div><\/div><\/div><\/div><div id=\"pg-gb4310-69dee2e9eaafc-9\"  class=\"panel-grid panel-has-style\" ><div class=\"so--box-layout panel-row-style panel-row-style-for-gb4310-69dee2e9eaafc-9\" ><div id=\"pgc-gb4310-69dee2e9eaafc-9-0\"  class=\"panel-grid-cell\" ><div id=\"panel-gb4310-69dee2e9eaafc-9-0-0\" class=\"so-panel widget widget_sow-editor panel-first-child panel-last-child\" data-index=\"14\" ><div class=\"panel-widget-style panel-widget-style-for-gb4310-69dee2e9eaafc-9-0-0\" ><div\n\t\t\t\n\t\t\tclass=\"so-widget-sow-editor so-widget-sow-editor-base\"\n\t\t\t\n\t\t>\n<div class=\"siteorigin-widget-tinymce textwidget\">\n\t<p>Le FC Lisse a \u00e9t\u00e9 fond\u00e9 en 1981 \u00e0 Lisse, aux Pays-Bas. Le club joue au niveau amateur le plus \u00e9lev\u00e9 depuis 1989, il a \u00e9t\u00e9 sacr\u00e9 champion \u00e0 trois reprises et compte plus de 1 300 membres. <\/p>\n<p>Son maillot arbore les couleurs jaune et bleu qu&rsquo;il partage avec le drapeau de la ville. Lisse est situ\u00e9e dans la r\u00e9gion des bulbes (le Bollenstreek), zone bien connue du football amateur n\u00e9erlandais. Cette renomm\u00e9e provient en partie des nombreux derbys qui se jouent dans la r\u00e9gion, mais aussi de l&rsquo;int\u00e9r\u00eat du public pour les matchs.<\/p>\n<\/div>\n<\/div><\/div><\/div><\/div><div id=\"pgc-gb4310-69dee2e9eaafc-9-1\"  class=\"panel-grid-cell\" ><div id=\"panel-gb4310-69dee2e9eaafc-9-1-0\" class=\"so-panel widget widget_sow-editor panel-first-child panel-last-child\" data-index=\"15\" ><div class=\"panel-widget-style panel-widget-style-for-gb4310-69dee2e9eaafc-9-1-0\" ><div\n\t\t\t\n\t\t\tclass=\"so-widget-sow-editor so-widget-sow-editor-base\"\n\t\t\t\n\t\t>\n<div class=\"siteorigin-widget-tinymce textwidget\">\n\t<p>Plusieurs joueurs de football c\u00e9l\u00e8bres ont d\u00e9but\u00e9 leur carri\u00e8re au FC Lisse avant de devenir professionnels ; c&rsquo;est le cas de Barry Opdam (ancien joueur de l&rsquo;AZ Alkmaar et de l&rsquo;\u00e9quipe nationale n\u00e9erlandaise avec 8 s\u00e9lections) et d&rsquo;Edwin de Graaf (ancien joueur du NAC Breda, de l&rsquo;ADO de La Haye, et du Feyenoord Rotterdam). Le FC Lisse s&rsquo;implique \u00e9galement sur le plan social, o\u00f9 il collabore avec l&rsquo;organisation caritative Support Casper qui m\u00e8ne des recherches sur le cancer du pancr\u00e9as.<\/p>\n<\/div>\n<\/div><\/div><\/div><\/div><\/div><\/div><\/div>","protected":false},"excerpt":{"rendered":"<p>Chez BE Networks, notre engagement consiste \u00e0 soutenir les gens et la communaut\u00e9 en parrainant diff\u00e9rentes activit\u00e9s \u00e0 la fois au niveau local et international. Dans la mesure du possible, nous nous impliquons activement dans la planification, l&rsquo;ex\u00e9cution et le suivi des activit\u00e9s afin d&rsquo;en maximiser l&rsquo;impact. Nos activit\u00e9s de parrainage portent essentiellement sur la [&hellip;]<\/p>\n","protected":false},"author":4,"featured_media":0,"parent":0,"menu_order":0,"comment_status":"closed","ping_status":"closed","template":"templates\/template-generic-page.php","meta":{"inline_featured_image":false},"acf":[],"_links":{"self":[{"href":"https:\/\/www.be-networks.be\/fr\/wp-json\/wp\/v2\/pages\/4310"}],"collection":[{"href":"https:\/\/www.be-networks.be\/fr\/wp-json\/wp\/v2\/pages"}],"about":[{"href":"https:\/\/www.be-networks.be\/fr\/wp-json\/wp\/v2\/types\/page"}],"author":[{"embeddable":true,"href":"https:\/\/www.be-networks.be\/fr\/wp-json\/wp\/v2\/users\/4"}],"replies":[{"embeddable":true,"href":"https:\/\/www.be-networks.be\/fr\/wp-json\/wp\/v2\/comments?post=4310"}],"version-history":[{"count":5,"href":"https:\/\/www.be-networks.be\/fr\/wp-json\/wp\/v2\/pages\/4310\/revisions"}],"predecessor-version":[{"id":4809,"href":"https:\/\/www.be-networks.be\/fr\/wp-json\/wp\/v2\/pages\/4310\/revisions\/4809"}],"wp:attachment":[{"href":"https:\/\/www.be-networks.be\/fr\/wp-json\/wp\/v2\/media?parent=4310"}],"curies":[{"name":"wp","href":"https:\/\/api.w.org\/{rel}","templated":true}]}}