{"id":4313,"date":"2020-11-06T12:00:49","date_gmt":"2020-11-06T11:00:49","guid":{"rendered":"https:\/\/www.be-networks.be\/technical-repair-service\/"},"modified":"2022-06-01T12:51:50","modified_gmt":"2022-06-01T10:51:50","slug":"technical-repair-service","status":"publish","type":"page","link":"https:\/\/www.be-networks.be\/fr\/technical-repair-service\/","title":{"rendered":"Service de r\u00e9paration technique"},"content":{"rendered":"\n<p>BE Networks vous offre toute une gamme de services professionnels afin de r\u00e9pondre aux besoins de votre entreprise, avec notamment notre service interne de r\u00e9paration technique. Pourquoi d\u00e9penser votre pr\u00e9cieux capital pour un remplacement complet des articles endommag\u00e9s quand vous pouvez \u00e9conomiser du temps et de l&rsquo;argent&nbsp;?<\/p>\n\n\n\n<p>Remettez rapidement votre \u00e9quipement en service pour un fonctionnement \u00e0 plein r\u00e9gime et dans des conditions optimales&nbsp;!<\/p>\n","protected":false},"excerpt":{"rendered":"<p>BE Networks vous offre toute une gamme de services professionnels afin de r\u00e9pondre aux besoins de votre entreprise, avec notamment notre service interne de r\u00e9paration technique. Pourquoi d\u00e9penser votre pr\u00e9cieux capital pour un remplacement complet des articles endommag\u00e9s quand vous pouvez \u00e9conomiser du temps et de l&rsquo;argent&nbsp;? Remettez rapidement votre \u00e9quipement en service pour un [&hellip;]<\/p>\n","protected":false},"author":9,"featured_media":1889,"parent":0,"menu_order":0,"comment_status":"closed","ping_status":"closed","template":"templates\/template-service-page.php","meta":{"inline_featured_image":false},"acf":[],"_links":{"self":[{"href":"https:\/\/www.be-networks.be\/fr\/wp-json\/wp\/v2\/pages\/4313"}],"collection":[{"href":"https:\/\/www.be-networks.be\/fr\/wp-json\/wp\/v2\/pages"}],"about":[{"href":"https:\/\/www.be-networks.be\/fr\/wp-json\/wp\/v2\/types\/page"}],"author":[{"embeddable":true,"href":"https:\/\/www.be-networks.be\/fr\/wp-json\/wp\/v2\/users\/9"}],"replies":[{"embeddable":true,"href":"https:\/\/www.be-networks.be\/fr\/wp-json\/wp\/v2\/comments?post=4313"}],"version-history":[{"count":3,"href":"https:\/\/www.be-networks.be\/fr\/wp-json\/wp\/v2\/pages\/4313\/revisions"}],"predecessor-version":[{"id":4841,"href":"https:\/\/www.be-networks.be\/fr\/wp-json\/wp\/v2\/pages\/4313\/revisions\/4841"}],"wp:featuredmedia":[{"embeddable":true,"href":"https:\/\/www.be-networks.be\/fr\/wp-json\/wp\/v2\/media\/1889"}],"wp:attachment":[{"href":"https:\/\/www.be-networks.be\/fr\/wp-json\/wp\/v2\/media?parent=4313"}],"curies":[{"name":"wp","href":"https:\/\/api.w.org\/{rel}","templated":true}]}}