{"id":4316,"date":"2020-11-06T11:53:25","date_gmt":"2020-11-06T10:53:25","guid":{"rendered":"https:\/\/www.be-networks.be\/spare-parts-management\/"},"modified":"2022-06-01T12:37:16","modified_gmt":"2022-06-01T10:37:16","slug":"spare-parts-management","status":"publish","type":"page","link":"https:\/\/www.be-networks.be\/fr\/spare-parts-management\/","title":{"rendered":"Gestion des composants"},"content":{"rendered":"\n<p>La gestion des composants consiste \u00e0 maintenir l&rsquo;\u00e9quilibre entre s&rsquo;assurer de ne pas manquer d&rsquo;une pi\u00e8ce essentielle et conserver la valeur de l&rsquo;inventaire aussi faible que possible. R\u00e9duire les stocks minimise les actifs mon\u00e9taires immobilis\u00e9s et lib\u00e8re des liquidit\u00e9s pour d&rsquo;autres activit\u00e9s.<\/p>\n\n\n\n<p>BE Networks soulage votre \u00e9quipe de ce dilemme en vous proposant des contrats de gestion des composants sur mesure.<\/p>\n","protected":false},"excerpt":{"rendered":"<p>La gestion des composants consiste \u00e0 maintenir l&rsquo;\u00e9quilibre entre s&rsquo;assurer de ne pas manquer d&rsquo;une pi\u00e8ce essentielle et conserver la valeur de l&rsquo;inventaire aussi faible que possible. R\u00e9duire les stocks minimise les actifs mon\u00e9taires immobilis\u00e9s et lib\u00e8re des liquidit\u00e9s pour d&rsquo;autres activit\u00e9s. BE Networks soulage votre \u00e9quipe de ce dilemme en vous proposant des contrats [&hellip;]<\/p>\n","protected":false},"author":9,"featured_media":1881,"parent":0,"menu_order":0,"comment_status":"closed","ping_status":"closed","template":"templates\/template-service-page.php","meta":{"inline_featured_image":false},"acf":[],"_links":{"self":[{"href":"https:\/\/www.be-networks.be\/fr\/wp-json\/wp\/v2\/pages\/4316"}],"collection":[{"href":"https:\/\/www.be-networks.be\/fr\/wp-json\/wp\/v2\/pages"}],"about":[{"href":"https:\/\/www.be-networks.be\/fr\/wp-json\/wp\/v2\/types\/page"}],"author":[{"embeddable":true,"href":"https:\/\/www.be-networks.be\/fr\/wp-json\/wp\/v2\/users\/9"}],"replies":[{"embeddable":true,"href":"https:\/\/www.be-networks.be\/fr\/wp-json\/wp\/v2\/comments?post=4316"}],"version-history":[{"count":4,"href":"https:\/\/www.be-networks.be\/fr\/wp-json\/wp\/v2\/pages\/4316\/revisions"}],"predecessor-version":[{"id":4835,"href":"https:\/\/www.be-networks.be\/fr\/wp-json\/wp\/v2\/pages\/4316\/revisions\/4835"}],"wp:featuredmedia":[{"embeddable":true,"href":"https:\/\/www.be-networks.be\/fr\/wp-json\/wp\/v2\/media\/1881"}],"wp:attachment":[{"href":"https:\/\/www.be-networks.be\/fr\/wp-json\/wp\/v2\/media?parent=4316"}],"curies":[{"name":"wp","href":"https:\/\/api.w.org\/{rel}","templated":true}]}}