{"id":4319,"date":"2020-11-06T11:48:55","date_gmt":"2020-11-06T10:48:55","guid":{"rendered":"https:\/\/www.be-networks.be\/it-asset-disposition-itad\/"},"modified":"2022-06-01T12:32:25","modified_gmt":"2022-06-01T10:32:25","slug":"it-asset-disposition-itad","status":"publish","type":"page","link":"https:\/\/www.be-networks.be\/fr\/it-asset-disposition-itad\/","title":{"rendered":"\u00c9limination des d\u00e9chets informatiques (ITAD)"},"content":{"rendered":"\n<p>L&rsquo;\u00e9limination des d\u00e9chets informatiques (ITAD) est une activit\u00e9 qui consiste \u00e0 se d\u00e9barrasser des \u00e9quipements obsol\u00e8tes ou dont on ne veut plus, d&rsquo;une mani\u00e8re s\u00fbre et \u00e9coresponsable. BE Networks est sp\u00e9cialis\u00e9 dans le traitement efficace des d\u00e9chets informatiques, avec une minimisation des co\u00fbts et une maximisation de la r\u00e9cup\u00e9ration sur pertes.<\/p>\n\n\n\n<p>Les entreprises font face \u00e0 un cycle de remplacement important des \u00e9quipements informatiques. Nous aidons nos partenaires \u00e0 reconditionner ou \u00e0 revendre, \u00e0 recycler ou \u00e0 \u00e9liminer leurs \u00e9quipements professionnels v\u00e9tustes ou d\u00e9pass\u00e9s.<\/p>\n","protected":false},"excerpt":{"rendered":"<p>L&rsquo;\u00e9limination des d\u00e9chets informatiques (ITAD) est une activit\u00e9 qui consiste \u00e0 se d\u00e9barrasser des \u00e9quipements obsol\u00e8tes ou dont on ne veut plus, d&rsquo;une mani\u00e8re s\u00fbre et \u00e9coresponsable. BE Networks est sp\u00e9cialis\u00e9 dans le traitement efficace des d\u00e9chets informatiques, avec une minimisation des co\u00fbts et une maximisation de la r\u00e9cup\u00e9ration sur pertes. Les entreprises font face [&hellip;]<\/p>\n","protected":false},"author":9,"featured_media":1885,"parent":0,"menu_order":0,"comment_status":"closed","ping_status":"closed","template":"templates\/template-service-page.php","meta":{"inline_featured_image":false},"acf":[],"_links":{"self":[{"href":"https:\/\/www.be-networks.be\/fr\/wp-json\/wp\/v2\/pages\/4319"}],"collection":[{"href":"https:\/\/www.be-networks.be\/fr\/wp-json\/wp\/v2\/pages"}],"about":[{"href":"https:\/\/www.be-networks.be\/fr\/wp-json\/wp\/v2\/types\/page"}],"author":[{"embeddable":true,"href":"https:\/\/www.be-networks.be\/fr\/wp-json\/wp\/v2\/users\/9"}],"replies":[{"embeddable":true,"href":"https:\/\/www.be-networks.be\/fr\/wp-json\/wp\/v2\/comments?post=4319"}],"version-history":[{"count":3,"href":"https:\/\/www.be-networks.be\/fr\/wp-json\/wp\/v2\/pages\/4319\/revisions"}],"predecessor-version":[{"id":4828,"href":"https:\/\/www.be-networks.be\/fr\/wp-json\/wp\/v2\/pages\/4319\/revisions\/4828"}],"wp:featuredmedia":[{"embeddable":true,"href":"https:\/\/www.be-networks.be\/fr\/wp-json\/wp\/v2\/media\/1885"}],"wp:attachment":[{"href":"https:\/\/www.be-networks.be\/fr\/wp-json\/wp\/v2\/media?parent=4319"}],"curies":[{"name":"wp","href":"https:\/\/api.w.org\/{rel}","templated":true}]}}