{"id":4322,"date":"2020-11-05T11:36:44","date_gmt":"2020-11-05T10:36:44","guid":{"rendered":"https:\/\/www.be-networks.be\/network-hardware-solutions-refurbished-new\/"},"modified":"2022-06-01T12:26:16","modified_gmt":"2022-06-01T10:26:16","slug":"network-hardware-solutions-refurbished-new","status":"publish","type":"page","link":"https:\/\/www.be-networks.be\/fr\/network-hardware-solutions-refurbished-new\/","title":{"rendered":"Solutions mat\u00e9rielles pour r\u00e9seaux | Neuf et reconditionn\u00e9"},"content":{"rendered":"\n<p>Avec des produits reconditionn\u00e9s, syst\u00e9matiquement test\u00e9s et de haute qualit\u00e9, alli\u00e9s aux technologies les plus r\u00e9centes, BE Networks vous offre des solutions r\u00e9seau \u00e9conomiques 100\u00a0% personnalis\u00e9es pour r\u00e9pondre aux besoins de votre \u00e9quipe. <\/p>\n\n\n\n<p>BE Networks propose une gamme compl\u00e8te de produits Cisco d&rsquo;occasion tels que des commutateurs, routeurs et points d&rsquo;acc\u00e8s, garantissant les performances les plus \u00e9lev\u00e9es pour votre infrastructure informatique.<\/p>\n","protected":false},"excerpt":{"rendered":"<p>Avec des produits reconditionn\u00e9s, syst\u00e9matiquement test\u00e9s et de haute qualit\u00e9, alli\u00e9s aux technologies les plus r\u00e9centes, BE Networks vous offre des solutions r\u00e9seau \u00e9conomiques 100\u00a0% personnalis\u00e9es pour r\u00e9pondre aux besoins de votre \u00e9quipe. BE Networks propose une gamme compl\u00e8te de produits Cisco d&rsquo;occasion tels que des commutateurs, routeurs et points d&rsquo;acc\u00e8s, garantissant les performances les [&hellip;]<\/p>\n","protected":false},"author":4,"featured_media":1876,"parent":0,"menu_order":0,"comment_status":"closed","ping_status":"closed","template":"templates\/template-service-page.php","meta":{"inline_featured_image":false},"acf":[],"_links":{"self":[{"href":"https:\/\/www.be-networks.be\/fr\/wp-json\/wp\/v2\/pages\/4322"}],"collection":[{"href":"https:\/\/www.be-networks.be\/fr\/wp-json\/wp\/v2\/pages"}],"about":[{"href":"https:\/\/www.be-networks.be\/fr\/wp-json\/wp\/v2\/types\/page"}],"author":[{"embeddable":true,"href":"https:\/\/www.be-networks.be\/fr\/wp-json\/wp\/v2\/users\/4"}],"replies":[{"embeddable":true,"href":"https:\/\/www.be-networks.be\/fr\/wp-json\/wp\/v2\/comments?post=4322"}],"version-history":[{"count":3,"href":"https:\/\/www.be-networks.be\/fr\/wp-json\/wp\/v2\/pages\/4322\/revisions"}],"predecessor-version":[{"id":4818,"href":"https:\/\/www.be-networks.be\/fr\/wp-json\/wp\/v2\/pages\/4322\/revisions\/4818"}],"wp:featuredmedia":[{"embeddable":true,"href":"https:\/\/www.be-networks.be\/fr\/wp-json\/wp\/v2\/media\/1876"}],"wp:attachment":[{"href":"https:\/\/www.be-networks.be\/fr\/wp-json\/wp\/v2\/media?parent=4322"}],"curies":[{"name":"wp","href":"https:\/\/api.w.org\/{rel}","templated":true}]}}