{"id":4327,"date":"2020-11-05T10:55:14","date_gmt":"2020-11-05T09:55:14","guid":{"rendered":"https:\/\/www.be-networks.be\/charity\/"},"modified":"2022-06-01T11:40:38","modified_gmt":"2022-06-01T09:40:38","slug":"charity","status":"publish","type":"page","link":"https:\/\/www.be-networks.be\/fr\/charity\/","title":{"rendered":"\u0152uvre caritative"},"content":{"rendered":"<div id=\"pl-gb4327-69defb2f0e88c\"  class=\"panel-layout\" ><div id=\"pg-gb4327-69defb2f0e88c-0\"  class=\"panel-grid panel-has-style\" ><div class=\"charity-top panel-row-style panel-row-style-for-gb4327-69defb2f0e88c-0\" ><div id=\"pgc-gb4327-69defb2f0e88c-0-0\"  class=\"panel-grid-cell\" ><div id=\"panel-gb4327-69defb2f0e88c-0-0-0\" class=\"so-panel widget widget_siteorigin-panels-postloop panel-first-child panel-last-child\" data-index=\"0\" ><style>\n    .featured-image {\n        margin-bottom: 5%;\n    }\n    .featured-image .post-thumbnail {\n        visibility: visible !important;\n        position: static !important;\n        z-index: auto !important;\n    }\n<\/style>\n<div class=\"featured-image text-center\">\n\t\n\t\t\t<a class=\"post-thumbnail\" href=\"https:\/\/www.be-networks.be\/fr\/charity\/\" aria-hidden=\"true\" tabindex=\"-1\">\n\t\t\t\t<img width=\"1\" height=\"1\" src=\"https:\/\/www.be-networks.be\/wp-content\/uploads\/2020\/11\/charity.svg\" class=\"attachment-post-thumbnail size-post-thumbnail wp-post-image\" alt=\"\u0152uvre caritative\" decoding=\"async\" loading=\"lazy\" \/>\t\t\t<\/a>\n\n\t\t\t<\/div>\n\n\n\n\n<\/div><\/div><div id=\"pgc-gb4327-69defb2f0e88c-0-1\"  class=\"panel-grid-cell\" ><div id=\"panel-gb4327-69defb2f0e88c-0-1-0\" class=\"so-panel widget widget_sow-editor panel-first-child panel-last-child\" data-index=\"1\" ><div\n\t\t\t\n\t\t\tclass=\"so-widget-sow-editor so-widget-sow-editor-base\"\n\t\t\t\n\t\t>\n<div class=\"siteorigin-widget-tinymce textwidget\">\n\t<h2>\nChez BE Networks, nous nous engageons \u00e0 rendre le monde meilleur pour tout le monde.<br \/>\n<\/h2>\n<p>\nNotre mod\u00e8le d&rsquo;activit\u00e9 est b\u00e2ti autour de la protection de la plan\u00e8te, mais pas seulement. Nous contribuons, soutenons et promouvons aussi activement les organisations qui viennent en aide aux personnes dans le besoin.\n<\/p>\n<p>\nNotre ONG pr\u00e9f\u00e9r\u00e9e s&rsquo;appelle IT4Kids (\u00ab l&rsquo;informatique pour les enfants \u00bb) et nous sommes extr\u00eamement fiers de d\u00e9fendre une id\u00e9e si motivante. Ci-dessous, vous pourrez en apprendre davantage sur leur mission et leur philosophie, et d\u00e9couvrir comment tout un chacun peut contribuer \u00e0 notre cause.<\/p>\n<\/div>\n<\/div><\/div><\/div><\/div><\/div><div id=\"pg-gb4327-69defb2f0e88c-1\"  class=\"panel-grid panel-has-style\" ><div class=\"charity-hero-title text-center panel-row-style panel-row-style-for-gb4327-69defb2f0e88c-1\" ><div id=\"pgc-gb4327-69defb2f0e88c-1-0\"  class=\"panel-grid-cell\" ><div id=\"panel-gb4327-69defb2f0e88c-1-0-0\" class=\"so-panel widget widget_sow-editor panel-first-child panel-last-child\" data-index=\"2\" ><div\n\t\t\t\n\t\t\tclass=\"so-widget-sow-editor so-widget-sow-editor-base\"\n\t\t\t\n\t\t>\n<div class=\"siteorigin-widget-tinymce textwidget\">\n\t<h2>Fondation IT4Kids<\/h2>\n<\/div>\n<\/div><\/div><\/div><\/div><\/div><div id=\"pg-gb4327-69defb2f0e88c-2\"  class=\"panel-grid panel-has-style\" ><div class=\"charity-boxes panel-row-style panel-row-style-for-gb4327-69defb2f0e88c-2\" ><div id=\"pgc-gb4327-69defb2f0e88c-2-0\"  class=\"panel-grid-cell\" ><div id=\"panel-gb4327-69defb2f0e88c-2-0-0\" class=\"so-panel widget widget_sow-editor panel-first-child panel-last-child\" data-index=\"3\" ><div\n\t\t\t\n\t\t\tclass=\"so-widget-sow-editor so-widget-sow-editor-base\"\n\t\t\t\n\t\t>\n<div class=\"siteorigin-widget-tinymce textwidget\">\n\t<p>La Fondation IT4Kids s&rsquo;engage en faveur des enfants. Aux Pays-Bas, plus de 423 000 enfants grandissent dans des familles qui doivent s&rsquo;en sortir avec un salaire minimum. Cela repr\u00e9sente 1 enfant sur 8 \u00e0 travers le pays, et jusqu&rsquo;\u00e0 1 sur 4 dans les villes.<br \/>\nLa plupart de ces enfants n&rsquo;auront jamais la possibilit\u00e9 de participer \u00e0 des activit\u00e9s sportives.   <\/p>\n<p><strong>IT4Kids estime que chaque enfant devrait pouvoir participer !<\/strong><\/p>\n<p>La pratique d&rsquo;un sport permet d&rsquo;acqu\u00e9rir des comp\u00e9tences et des valeurs telles que le respect, la r\u00e9silience, le travail en \u00e9quipe et la gestion des d\u00e9faites. Ces #skills4life repr\u00e9sentent des comp\u00e9tences cruciales pour chaque \u00e9tape de notre vie.<\/p>\n<p>IT4Kids r\u00e9cup\u00e8re du mat\u00e9riel informatique usag\u00e9 et d\u00e9pr\u00e9ci\u00e9 et, au nom de ses soutiens, effectue le don de la valeur correspondante \u00e0 des projets caritatifs qui s&rsquo;occupent de la jeunesse. Ensemble, nous g\u00e9n\u00e9rons des chances de participer \u00e0 des activit\u00e9s sportives de mani\u00e8re durable, pour que les enfants puissent d\u00e9velopper des comp\u00e9tences pour la vie \u2014 #skills4life.<\/p>\n<\/div>\n<\/div><\/div><\/div><div id=\"pgc-gb4327-69defb2f0e88c-2-1\"  class=\"panel-grid-cell\" ><div id=\"panel-gb4327-69defb2f0e88c-2-1-0\" class=\"so-panel widget widget_sow-editor panel-first-child panel-last-child\" data-index=\"4\" ><div\n\t\t\t\n\t\t\tclass=\"so-widget-sow-editor so-widget-sow-editor-base\"\n\t\t\t\n\t\t>\n<div class=\"siteorigin-widget-tinymce textwidget\">\n\t<h3>Mission d&rsquo;IT4Kids<\/h3>\n<p>\nChaque enfant devrait pouvoir participer \u00e0 des jeux et \u00e0 des activit\u00e9s sportives. Le sport est une fa\u00e7on de se d\u00e9tendre. Le sport est amusant et sa pratique est extr\u00eamement b\u00e9n\u00e9fique pour le d\u00e9veloppement de l&rsquo;enfant. En faisant du sport avec ses camarades, nous d\u00e9veloppons des #skills4life, comme la discipline, la coop\u00e9ration, la confiance en soi, le respect et la r\u00e9silience psychologique.\n<\/p>\n<h3>Philosophie d&rsquo;IT4Kids<\/h3>\n<p>\nD&rsquo;ici 2030, nous voulons que tous les enfants qui ne peuvent pas pratiquer de sport (pour des raisons physiques ou financi\u00e8res) aient la possibilit\u00e9 d&rsquo;en faire.<\/p>\n<\/div>\n<\/div><\/div><\/div><\/div><\/div><div id=\"pg-gb4327-69defb2f0e88c-3\"  class=\"panel-grid panel-has-style\" ><div class=\"charity-hero-title text-center panel-row-style panel-row-style-for-gb4327-69defb2f0e88c-3\" ><div id=\"pgc-gb4327-69defb2f0e88c-3-0\"  class=\"panel-grid-cell\" ><div id=\"panel-gb4327-69defb2f0e88c-3-0-0\" class=\"so-panel widget widget_sow-editor panel-first-child panel-last-child\" data-index=\"5\" ><div\n\t\t\t\n\t\t\tclass=\"so-widget-sow-editor so-widget-sow-editor-base\"\n\t\t\t\n\t\t>\n<div class=\"siteorigin-widget-tinymce textwidget\">\n\t<h2>Comment fonctionne le don de mat\u00e9riel informatique ?<\/h2>\n<\/div>\n<\/div><\/div><\/div><\/div><\/div><div id=\"pg-gb4327-69defb2f0e88c-4\"  class=\"panel-grid panel-no-style\" ><div id=\"pgc-gb4327-69defb2f0e88c-4-0\"  class=\"panel-grid-cell\" ><div id=\"panel-gb4327-69defb2f0e88c-4-0-0\" class=\"so-panel widget widget_sow-image panel-first-child panel-last-child\" data-index=\"6\" ><div class=\"panel-widget-style panel-widget-style-for-gb4327-69defb2f0e88c-4-0-0\" ><div\n\t\t\t\n\t\t\tclass=\"so-widget-sow-image so-widget-sow-image-default-17bc2272b535-4327\"\n\t\t\t\n\t\t>\n\n<div class=\"sow-image-container\">\n\t\t<img decoding=\"async\" src=\"https:\/\/www.be-networks.be\/wp-content\/uploads\/2020\/11\/IT4kids-infographic.jpg\" width=\"2124\" height=\"1232\" srcset=\"https:\/\/www.be-networks.be\/wp-content\/uploads\/2020\/11\/IT4kids-infographic.jpg 2124w, https:\/\/www.be-networks.be\/wp-content\/uploads\/2020\/11\/IT4kids-infographic-300x174.jpg 300w, https:\/\/www.be-networks.be\/wp-content\/uploads\/2020\/11\/IT4kids-infographic-1024x594.jpg 1024w, https:\/\/www.be-networks.be\/wp-content\/uploads\/2020\/11\/IT4kids-infographic-768x445.jpg 768w, https:\/\/www.be-networks.be\/wp-content\/uploads\/2020\/11\/IT4kids-infographic-1536x891.jpg 1536w, https:\/\/www.be-networks.be\/wp-content\/uploads\/2020\/11\/IT4kids-infographic-2048x1188.jpg 2048w\" sizes=\"(max-width: 2124px) 100vw, 2124px\" alt=\"\" loading=\"lazy\" \t\tclass=\"so-widget-image\"\/>\n\t<\/div>\n\n<\/div><\/div><\/div><\/div><\/div><div id=\"pg-gb4327-69defb2f0e88c-5\"  class=\"panel-grid panel-has-style\" ><div class=\"charity-boxes-bottom panel-row-style panel-row-style-for-gb4327-69defb2f0e88c-5\" ><div id=\"pgc-gb4327-69defb2f0e88c-5-0\"  class=\"panel-grid-cell\" ><div id=\"panel-gb4327-69defb2f0e88c-5-0-0\" class=\"so-panel widget widget_sow-editor panel-first-child panel-last-child\" data-index=\"7\" ><div\n\t\t\t\n\t\t\tclass=\"so-widget-sow-editor so-widget-sow-editor-base\"\n\t\t\t\n\t\t>\n<div class=\"siteorigin-widget-tinymce textwidget\">\n\t<p>De nombreuses entreprises nous donnent leur mat\u00e9riel informatique usag\u00e9.<br \/>\nLa valeur correspondante est donn\u00e9e par IT4Kids afin de financer les projets d&rsquo;\u0153uvres caritatives avec lesquelles collabore IT4Kids.<br \/>\nVous pouvez \u00e9galement destiner une partie des dons \u00e0 une autre noble cause.<\/p>\n<\/div>\n<\/div><\/div><\/div><div id=\"pgc-gb4327-69defb2f0e88c-5-1\"  class=\"panel-grid-cell\" ><div id=\"panel-gb4327-69defb2f0e88c-5-1-0\" class=\"so-panel widget widget_sow-editor panel-first-child panel-last-child\" data-index=\"8\" ><div\n\t\t\t\n\t\t\tclass=\"so-widget-sow-editor so-widget-sow-editor-base\"\n\t\t\t\n\t\t>\n<div class=\"siteorigin-widget-tinymce textwidget\">\n\t<p>Le don de mat\u00e9riel informatique n&rsquo;a absolument aucun co\u00fbt pour vous, mais nous aide \u00e9norm\u00e9ment en retour.<br \/>\nNous vous invitons \u00e0 consulter <a href=\"https:\/\/www.it4kids.com\/\" target=\"_blank\" rel=\"noopener noreferrer\">le site Web d&rsquo;IT4Kids<\/a> et \u00e0 nous contacter pour plus d&rsquo;informations.<\/p>\n<\/div>\n<\/div><\/div><\/div><\/div><\/div><\/div>\n\n\n<p><\/p>\n","protected":false},"excerpt":{"rendered":"<p>Chez BE Networks, nous nous engageons \u00e0 rendre le monde meilleur pour tout le monde. Notre mod\u00e8le d&rsquo;activit\u00e9 est b\u00e2ti autour de la protection de la plan\u00e8te, mais pas seulement. Nous contribuons, soutenons et promouvons aussi activement les organisations qui viennent en aide aux personnes dans le besoin. Notre ONG pr\u00e9f\u00e9r\u00e9e s&rsquo;appelle IT4Kids (\u00ab l&rsquo;informatique [&hellip;]<\/p>\n","protected":false},"author":4,"featured_media":1778,"parent":0,"menu_order":0,"comment_status":"closed","ping_status":"closed","template":"templates\/template-generic-page.php","meta":{"inline_featured_image":false},"acf":[],"_links":{"self":[{"href":"https:\/\/www.be-networks.be\/fr\/wp-json\/wp\/v2\/pages\/4327"}],"collection":[{"href":"https:\/\/www.be-networks.be\/fr\/wp-json\/wp\/v2\/pages"}],"about":[{"href":"https:\/\/www.be-networks.be\/fr\/wp-json\/wp\/v2\/types\/page"}],"author":[{"embeddable":true,"href":"https:\/\/www.be-networks.be\/fr\/wp-json\/wp\/v2\/users\/4"}],"replies":[{"embeddable":true,"href":"https:\/\/www.be-networks.be\/fr\/wp-json\/wp\/v2\/comments?post=4327"}],"version-history":[{"count":5,"href":"https:\/\/www.be-networks.be\/fr\/wp-json\/wp\/v2\/pages\/4327\/revisions"}],"predecessor-version":[{"id":4795,"href":"https:\/\/www.be-networks.be\/fr\/wp-json\/wp\/v2\/pages\/4327\/revisions\/4795"}],"wp:featuredmedia":[{"embeddable":true,"href":"https:\/\/www.be-networks.be\/fr\/wp-json\/wp\/v2\/media\/1778"}],"wp:attachment":[{"href":"https:\/\/www.be-networks.be\/fr\/wp-json\/wp\/v2\/media?parent=4327"}],"curies":[{"name":"wp","href":"https:\/\/api.w.org\/{rel}","templated":true}]}}