{"id":4330,"date":"2020-11-02T12:45:52","date_gmt":"2020-11-02T11:45:52","guid":{"rendered":"https:\/\/www.be-networks.be\/our-story-team\/"},"modified":"2022-06-01T10:13:06","modified_gmt":"2022-06-01T08:13:06","slug":"our-story-team","status":"publish","type":"page","link":"https:\/\/www.be-networks.be\/fr\/our-story-team\/","title":{"rendered":"\u00c9quipe et histoire"},"content":{"rendered":"<div id=\"pl-gb4330-69e7a41eb7c3d\"  class=\"panel-layout\" ><div id=\"pg-gb4330-69e7a41eb7c3d-0\"  class=\"panel-grid panel-has-style\" ><div class=\"smart-slider--row--so panel-row-style panel-row-style-for-gb4330-69e7a41eb7c3d-0\" ><div id=\"pgc-gb4330-69e7a41eb7c3d-0-0\"  class=\"panel-grid-cell\" ><\/div><\/div><\/div><div id=\"pg-gb4330-69e7a41eb7c3d-1\"  class=\"panel-grid panel-has-style\" ><div class=\"features panel-row-style panel-row-style-for-gb4330-69e7a41eb7c3d-1\" ><div id=\"pgc-gb4330-69e7a41eb7c3d-1-0\"  class=\"panel-grid-cell\" ><div id=\"panel-gb4330-69e7a41eb7c3d-1-0-0\" class=\"so-panel widget widget_media_image panel-first-child\" data-index=\"1\" ><img width=\"170\" height=\"52\" src=\"https:\/\/www.be-networks.be\/wp-content\/uploads\/2020\/11\/f1.png\" class=\"image wp-image-1893  attachment-full size-full\" alt=\"\" decoding=\"async\" loading=\"lazy\" style=\"max-width: 100%; height: auto;\" \/><\/div><div id=\"panel-gb4330-69e7a41eb7c3d-1-0-1\" class=\"so-panel widget widget_text panel-last-child\" data-index=\"2\" ><h3 class=\"widget-title\">13<\/h3>\t\t\t<div class=\"textwidget\"><p>ann\u00e9es d&rsquo;activit\u00e9<\/p>\n<\/div>\n\t\t<\/div><\/div><div id=\"pgc-gb4330-69e7a41eb7c3d-1-1\"  class=\"panel-grid-cell\" ><div id=\"panel-gb4330-69e7a41eb7c3d-1-1-0\" class=\"so-panel widget widget_media_image panel-first-child\" data-index=\"3\" ><img width=\"93\" height=\"92\" src=\"https:\/\/www.be-networks.be\/wp-content\/uploads\/2020\/11\/f2.png\" class=\"image wp-image-1897  attachment-full size-full\" alt=\"\" decoding=\"async\" loading=\"lazy\" style=\"max-width: 100%; height: auto;\" \/><\/div><div id=\"panel-gb4330-69e7a41eb7c3d-1-1-1\" class=\"so-panel widget widget_text panel-last-child\" data-index=\"4\" ><h3 class=\"widget-title\">4<\/h3>\t\t\t<div class=\"textwidget\"><p>bureaux en Europe et en Asie<\/p>\n<\/div>\n\t\t<\/div><\/div><div id=\"pgc-gb4330-69e7a41eb7c3d-1-2\"  class=\"panel-grid-cell\" ><div id=\"panel-gb4330-69e7a41eb7c3d-1-2-0\" class=\"so-panel widget widget_media_image panel-first-child\" data-index=\"5\" ><img width=\"85\" height=\"62\" src=\"https:\/\/www.be-networks.be\/wp-content\/uploads\/2020\/11\/f3.png\" class=\"image wp-image-1901  attachment-full size-full\" alt=\"\" decoding=\"async\" loading=\"lazy\" style=\"max-width: 100%; height: auto;\" \/><\/div><div id=\"panel-gb4330-69e7a41eb7c3d-1-2-1\" class=\"so-panel widget widget_text panel-last-child\" data-index=\"6\" ><h3 class=\"widget-title\">44<\/h3>\t\t\t<div class=\"textwidget\"><p>employ\u00e9s<\/p>\n<\/div>\n\t\t<\/div><\/div><div id=\"pgc-gb4330-69e7a41eb7c3d-1-3\"  class=\"panel-grid-cell\" ><div id=\"panel-gb4330-69e7a41eb7c3d-1-3-0\" class=\"so-panel widget widget_media_image panel-first-child\" data-index=\"7\" ><img width=\"95\" height=\"69\" src=\"https:\/\/www.be-networks.be\/wp-content\/uploads\/2020\/11\/f5.png\" class=\"image wp-image-1910  attachment-full size-full\" alt=\"\" decoding=\"async\" loading=\"lazy\" style=\"max-width: 100%; height: auto;\" \/><\/div><div id=\"panel-gb4330-69e7a41eb7c3d-1-3-1\" class=\"so-panel widget widget_sow-accordion panel-last-child\" data-index=\"8\" ><div\n\t\t\t\n\t\t\tclass=\"so-widget-sow-accordion so-widget-sow-accordion-default-cf2ad319eae1-4330\"\n\t\t\t\n\t\t><h3 class=\"widget-title\">16<\/h3><div>\n\t<div class=\"sow-accordion\">\n\t\t\t<div class=\"sow-accordion-panel\"\n\t\t\t data-anchor=\"langues-parl%c3%a9es\">\n\t\t\t\t<div class=\"sow-accordion-panel-header-container\" role=\"heading\" aria-level=\"2\">\n\t\t\t\t\t<div class=\"sow-accordion-panel-header\" tabindex=\"0\" role=\"button\" id=\"accordion-label-langues-parl%c3%a9es\" aria-controls=\"accordion-content-langues-parl%c3%a9es\" aria-expanded=\"false\">\n\t\t\t\t\t\t<div class=\"sow-accordion-title sow-accordion-title-icon-left\">\n\t\t\t\t\t\t\t\t\t\t\t\t\t\tlangues parl\u00e9es\t\t\t\t\t\t\t\t\t\t\t\t\t<\/div>\n\t\t\t\t\t\t<div class=\"sow-accordion-open-close-button\">\n\t\t\t\t\t\t\t<div class=\"sow-accordion-open-button\">\n\t\t\t\t\t\t\t\t<span class=\"sow-icon-ionicons\" data-sow-icon=\"&#xf218;\"\n\t\t \n\t\taria-hidden=\"true\"><\/span>\t\t\t\t\t\t\t<\/div>\n\t\t\t\t\t\t\t<div class=\"sow-accordion-close-button\">\n\t\t\t\t\t\t\t\t<span class=\"sow-icon-ionicons\" data-sow-icon=\"&#xf209;\"\n\t\t \n\t\taria-hidden=\"true\"><\/span>\t\t\t\t\t\t\t<\/div>\n\t\t\t\t\t\t<\/div>\n\t\t\t\t\t<\/div>\n\t\t\t\t<\/div>\n\n\t\t\t<div\n\t\t\t\tclass=\"sow-accordion-panel-content\"\n\t\t\t\trole=\"region\"\n\t\t\t\taria-labelledby=\"accordion-label-langues-parl%c3%a9es\"\n\t\t\t\tid=\"accordion-content-langues-parl%c3%a9es\"\n\t\t\t\tstyle=\"display: none;\"\t\t\t>\n\t\t\t\t<div class=\"sow-accordion-panel-border\" tabindex=\"0\">\n\t\t\t\t\t<span style=\"color: #333333;\">Anglais \nFran\u00e7ais \nN\u00e9erlandais \nAllemand \nItalien \nGrec \nPortugais \nEspagnol \nRoumain \nPolonais \nHongrois \nSerbe \nSu\u00e9dois \nRusse \nBahasa \nFilipino<\/span>\t\t\t\t<\/div>\n\t\t\t<\/div>\n\t\t<\/div>\n\t\t<\/div>\n<\/div>\n<\/div><\/div><\/div><div id=\"pgc-gb4330-69e7a41eb7c3d-1-4\"  class=\"panel-grid-cell\" ><div id=\"panel-gb4330-69e7a41eb7c3d-1-4-0\" class=\"so-panel widget widget_media_image panel-first-child\" data-index=\"9\" ><img width=\"84\" height=\"94\" src=\"https:\/\/www.be-networks.be\/wp-content\/uploads\/2020\/11\/f4.png\" class=\"image wp-image-1906  attachment-full size-full\" alt=\"\" decoding=\"async\" loading=\"lazy\" style=\"max-width: 100%; height: auto;\" \/><\/div><div id=\"panel-gb4330-69e7a41eb7c3d-1-4-1\" class=\"so-panel widget widget_text panel-last-child\" data-index=\"10\" ><h3 class=\"widget-title\">2.500 m\u00b2<\/h3>\t\t\t<div class=\"textwidget\"><p>d&rsquo;installations<\/p>\n<\/div>\n\t\t<\/div><\/div><div id=\"pgc-gb4330-69e7a41eb7c3d-1-5\"  class=\"panel-grid-cell\" ><div id=\"panel-gb4330-69e7a41eb7c3d-1-5-0\" class=\"so-panel widget widget_media_image panel-first-child\" data-index=\"11\" ><img width=\"60\" height=\"60\" src=\"https:\/\/www.be-networks.be\/wp-content\/uploads\/2020\/11\/f6.png\" class=\"image wp-image-1918  attachment-full size-full\" alt=\"\" decoding=\"async\" loading=\"lazy\" style=\"max-width: 100%; height: auto;\" \/><\/div><div id=\"panel-gb4330-69e7a41eb7c3d-1-5-1\" class=\"so-panel widget widget_text panel-last-child\" data-index=\"12\" ><h3 class=\"widget-title\">114<\/h3>\t\t\t<div class=\"textwidget\"><p>pays desservis<\/p>\n<\/div>\n\t\t<\/div><\/div><div id=\"pgc-gb4330-69e7a41eb7c3d-1-6\"  class=\"panel-grid-cell\" ><div id=\"panel-gb4330-69e7a41eb7c3d-1-6-0\" class=\"so-panel widget widget_media_image panel-first-child\" data-index=\"13\" ><img width=\"92\" height=\"55\" src=\"https:\/\/www.be-networks.be\/wp-content\/uploads\/2020\/11\/f7.png\" class=\"image wp-image-1914  attachment-full size-full\" alt=\"\" decoding=\"async\" loading=\"lazy\" style=\"max-width: 100%; height: auto;\" \/><\/div><div id=\"panel-gb4330-69e7a41eb7c3d-1-6-1\" class=\"so-panel widget widget_text panel-last-child\" data-index=\"14\" ><h3 class=\"widget-title\">+de 6.500<\/h3>\t\t\t<div class=\"textwidget\"><p>clients<\/p>\n<\/div>\n\t\t<\/div><\/div><\/div><\/div><div id=\"pg-gb4330-69e7a41eb7c3d-2\"  class=\"panel-grid panel-has-style\" ><div class=\"promo-text panel-row-style panel-row-style-for-gb4330-69e7a41eb7c3d-2\" ><div id=\"pgc-gb4330-69e7a41eb7c3d-2-0\"  class=\"panel-grid-cell\" ><div id=\"panel-gb4330-69e7a41eb7c3d-2-0-0\" class=\"so-panel widget widget_text panel-first-child panel-last-child\" data-index=\"15\" ><div class=\"panel-widget-style panel-widget-style-for-gb4330-69e7a41eb7c3d-2-0-0\" >\t\t\t<div class=\"textwidget\"><p>BE Networks vous offre une excellente solution \u00e0 l&rsquo;exc\u00e8s de produits technologiques sur le march\u00e9, en vous fournissant des produits haut de gamme \u2014 Cisco, Juniper, et bien d&rsquo;autres \u2014 dans le cadre de solutions accessibles et intelligentes avec une empreinte \u00e9cologique responsable. <\/p>\n<p>Et nous ne nous limitons pas \u00e0 vous vendre des produits : depuis nos d\u00e9buts, nous collaborons avec nos clients pour construire des relations professionnelles sur le long terme. Nous souhaitons vous faire profiter de nos services, de nos processus uniques et de notre expertise encore tr\u00e8s longtemps.<\/p>\n<\/div>\n\t\t<\/div><\/div><\/div><div id=\"pgc-gb4330-69e7a41eb7c3d-2-1\"  class=\"panel-grid-cell\" ><div id=\"panel-gb4330-69e7a41eb7c3d-2-1-0\" class=\"so-panel widget widget_text panel-first-child panel-last-child\" data-index=\"16\" >\t\t\t<div class=\"textwidget\"><p>Et la plan\u00e8te y gagne aussi, car nous soutenons l&rsquo;\u00e9conomie circulaire et conservons le mat\u00e9riel de qualit\u00e9 en service au lieu de l&rsquo;envoyer \u00e0 la d\u00e9charge.<br \/>\nUn avenir avec une technologie d&rsquo;excellence, dans votre budget et avec une collaboration de premier choix ?<br \/>\nC&rsquo;est ce que nous souhaitons le plus.<\/p>\n<\/div>\n\t\t<\/div><\/div><\/div><\/div><div id=\"pg-gb4330-69e7a41eb7c3d-3\"  class=\"panel-grid panel-has-style\" ><div class=\"team panel-row-style panel-row-style-for-gb4330-69e7a41eb7c3d-3\" ><div id=\"pgc-gb4330-69e7a41eb7c3d-3-0\"  class=\"panel-grid-cell\" ><div id=\"panel-gb4330-69e7a41eb7c3d-3-0-0\" class=\"widget_text so-panel widget widget_custom_html panel-first-child\" data-index=\"17\" ><div class=\"textwidget custom-html-widget\"><h2>\n\tNotre \u00e9quipe\n<\/h2><\/div><\/div><div id=\"panel-gb4330-69e7a41eb7c3d-3-0-1\" class=\"so-panel widget widget_siteorigin-panels-postloop panel-last-child\" data-index=\"18\" >\n            <div class=\"row\">\n                <h2 class=\"team-member-category-title\" style=\"color:#c1272d\">\n                    Sales Team MEA                <\/h2>\n            <\/div> <!-- END: \/row -->\n            <div class=\"row\">\n                    <\/div> <!-- END: \/row -->\n\n                \n                <div class=\"row\">\n                <h2 class=\"team-member-category-title\" style=\"color:#d9aa28\">\n                    Sales Team BE NETWORKS ACA                <\/h2>\n            <\/div> <!-- END: \/row -->\n            <div class=\"row\">\n                    <\/div> <!-- END: \/row -->\n\n                \n                <div class=\"row\">\n                <h2 class=\"team-member-category-title\" style=\"color:#333f48\">\n                    Sales Support Team(HQ)                <\/h2>\n            <\/div> <!-- END: \/row -->\n            <div class=\"row\">\n                    <\/div> <!-- END: \/row -->\n\n                \n                <div class=\"row\">\n                <h2 class=\"team-member-category-title\" style=\"color:#333f48\">\n                    General Management(HQ)                <\/h2>\n            <\/div> <!-- END: \/row -->\n            <div class=\"row\">\n                    <\/div> <!-- END: \/row -->\n\n                \n                <div class=\"row\">\n                <h2 class=\"team-member-category-title\" style=\"color:#0000882Ba\">\n                    Sales Team EUROPE                <\/h2>\n            <\/div> <!-- END: \/row -->\n            <div class=\"row\">\n                    <\/div> <!-- END: \/row -->\n\n                \n    \n\n<script type=\"text\/javascript\">\n    jQuery( document ).ready( function ($) {\n        function fixTeamMembersEqualHeight() {\n            let maxCardHeight = 0;\n            const $cards = jQuery( \".team-member .card\" );\n            $cards.each( function () {\n                let frontHeight = jQuery( this ).find( '.card__side--front' ).height();\n                let backHeight = jQuery( this ).find( '.card__side--back' ).height();\n                let thisCardMaxHeight = 0;\n                let language_link = jQuery( this ).find( '.countries-link' );\n                if ( frontHeight > backHeight ) {\n                    thisCardMaxHeight = frontHeight;\n                } else {\n                    thisCardMaxHeight = backHeight;\n                }\n                if ( maxCardHeight < thisCardMaxHeight ) {\n                    maxCardHeight = thisCardMaxHeight;\n                }\n                if ( language_link ) {\n                    language_link.on( 'click', function () {\n                        jQuery( \".team-member\" ).removeClass( 'z-top' );\n                        jQuery( this ).parentsUntil( '.row', '.team-member' ).addClass( 'z-top' );\n                    } );\n                }\n            } );\n            $cards.each( function () {\n                jQuery( this ).find( '.card__side--front' ).height( maxCardHeight );\n                jQuery( this ).find( '.card__side--back' ).height( maxCardHeight );\n            } );\n        }\n        fixTeamMembersEqualHeight();\n    } );\n    let cardTransitionTime = 500;\n\n    function flipCard(card_ID) {\n        let $card = jQuery( '#' + card_ID );\n        let switching = false;\n        if ( switching ) {\n            return false;\n        }\n        switching = true;\n        $card.toggleClass( 'is-switched' );\n        window.setTimeout( function () {\n            $card.children().children().toggleClass( 'is-active' );\n            switching = false;\n        }, cardTransitionTime \/ 2 )\n    }\n<\/script>\n\n<\/div><\/div><\/div><\/div><\/div>","protected":false},"excerpt":{"rendered":"<p>Envoyez-nous une liste de votre inventaire Recevez une offre dans les 24 h Nous nous occupons de la logistique, de la collecte et de l&#8217;emballage<\/p>\n","protected":false},"author":4,"featured_media":0,"parent":0,"menu_order":0,"comment_status":"closed","ping_status":"closed","template":"templates\/template-about_us-our_story_team-page.php","meta":{"inline_featured_image":false},"acf":[],"_links":{"self":[{"href":"https:\/\/www.be-networks.be\/fr\/wp-json\/wp\/v2\/pages\/4330"}],"collection":[{"href":"https:\/\/www.be-networks.be\/fr\/wp-json\/wp\/v2\/pages"}],"about":[{"href":"https:\/\/www.be-networks.be\/fr\/wp-json\/wp\/v2\/types\/page"}],"author":[{"embeddable":true,"href":"https:\/\/www.be-networks.be\/fr\/wp-json\/wp\/v2\/users\/4"}],"replies":[{"embeddable":true,"href":"https:\/\/www.be-networks.be\/fr\/wp-json\/wp\/v2\/comments?post=4330"}],"version-history":[{"count":4,"href":"https:\/\/www.be-networks.be\/fr\/wp-json\/wp\/v2\/pages\/4330\/revisions"}],"predecessor-version":[{"id":4777,"href":"https:\/\/www.be-networks.be\/fr\/wp-json\/wp\/v2\/pages\/4330\/revisions\/4777"}],"wp:attachment":[{"href":"https:\/\/www.be-networks.be\/fr\/wp-json\/wp\/v2\/media?parent=4330"}],"curies":[{"name":"wp","href":"https:\/\/api.w.org\/{rel}","templated":true}]}}