{"id":4340,"date":"2018-01-03T09:37:21","date_gmt":"2018-01-03T08:37:21","guid":{"rendered":"https:\/\/www.be-networks.be\/networks-offers\/"},"modified":"2022-06-01T13:14:45","modified_gmt":"2022-06-01T11:14:45","slug":"networks-offers","status":"publish","type":"page","link":"https:\/\/www.be-networks.be\/fr\/networks-offers\/","title":{"rendered":"Ench\u00e8res vertes"},"content":{"rendered":"\n<div class=\"wp-block-nextend-smartslider3\"><\/div>\n\n\n\n<div style=\"height:50px\" aria-hidden=\"true\" class=\"wp-block-spacer\"><\/div>\n\n\n<div id=\"pl-gb4340-69d76684dd1ce\"  class=\"panel-layout\" ><div id=\"pg-gb4340-69d76684dd1ce-0\"  class=\"panel-grid panel-has-style\" ><div class=\"panel-row-style panel-row-style-for-gb4340-69d76684dd1ce-0\" ><div id=\"pgc-gb4340-69d76684dd1ce-0-0\"  class=\"panel-grid-cell\" ><div id=\"panel-gb4340-69d76684dd1ce-0-0-0\" class=\"so-panel widget widget_sow-headline panel-first-child panel-last-child\" data-index=\"0\" ><div\n\t\t\t\n\t\t\tclass=\"so-widget-sow-headline so-widget-sow-headline-default-05001b5adc03-4340 so-widget-fittext-wrapper\"\n\t\t\t data-fit-text-compressor=\"0.85\"\n\t\t><div class=\"sow-headline-container \">\n\t<h2 class='sow-headline'>Ench\u00e8res vertes<\/h2>\t\t\t\t\t<div class=\"decoration\">\n\t\t\t\t\t\t<div class=\"decoration-inside\"><\/div>\n\t\t\t\t\t<\/div>\n\t\t\t\t\t<h3 class='sow-sub-headline'>Mais afin de nous assurer que nos produits ne disposent plus d&rsquo;aucun cycle de vie suppl\u00e9mentaire, nous offrons la possibilit\u00e9 au monde entier d&rsquo;acheter \u00e0 tous les prix via notre outil d&rsquo;ench\u00e8res.<\/h3><\/div><\/div><\/div><\/div><\/div><\/div><div id=\"pg-gb4340-69d76684dd1ce-1\"  class=\"panel-grid panel-no-style\" ><div id=\"pgc-gb4340-69d76684dd1ce-1-0\"  class=\"panel-grid-cell\" ><div id=\"panel-gb4340-69d76684dd1ce-1-0-0\" class=\"so-panel widget widget_sow-features panel-first-child panel-last-child\" data-index=\"1\" ><div class=\"green-auction-features panel-widget-style panel-widget-style-for-gb4340-69d76684dd1ce-1-0-0\" ><div\n\t\t\t\n\t\t\tclass=\"so-widget-sow-features so-widget-sow-features-default-1e3364f8a71a-4340\"\n\t\t\t\n\t\t>\n<div class=\"sow-features-list sow-features-responsive\">\n\n\t\t\t\t\t\t<div\n\t\t\t\tclass=\"sow-features-feature sow-icon-container-position-top \"\n\t\t\t\tstyle=\"display: flex; flex-direction: column; float: left; width: 100%;\"\n\t\t\t>\n\n\t\t\t\t\t\t\t\t<div\n\t\t\t\t\tclass=\"sow-icon-container sow-container-none\"\n                    style=\"color: #ffffff; \"\n\t\t\t\t\t>\n\t\t\t\t\t\t\t\t\t<\/div>\n\t\t\t\t\n\t\t\t\t<div class=\"textwidget\">\n\t\t\t\t\t\t\t\t\t\t\t<h5>\n\t\t\t\t\t\t\t\n\t\t\t\t\t\t\t1\t\t\t\t\t\t\t\t\t\t\t\t\t<\/h5>\n\t\t\t\t\t\n\t\t\t\t\t\t\t\t\t\t\t<span>D\u00e9couvrez les dispositifs disponibles sur notre <span style=\"color: #538135;\"><strong><span class=\"has-inline-color\">page Ench\u00e8res vertes<\/span><\/strong><\/span><\/span>\t\t\t\t\t\n\t\t\t\t\t\t\t\t\t<\/div>\n\t\t\t\t\t\t\t<\/div>\n\n\t\t\t\t\t<div\n\t\t\t\tclass=\"sow-features-feature sow-icon-container-position-top \"\n\t\t\t\tstyle=\"display: flex; flex-direction: column; float: left; width: 100%;\"\n\t\t\t>\n\n\t\t\t\t\t\t\t\t<div\n\t\t\t\t\tclass=\"sow-icon-container sow-container-none\"\n                    style=\"color: #ffffff; \"\n\t\t\t\t\t>\n\t\t\t\t\t\t\t\t\t<\/div>\n\t\t\t\t\n\t\t\t\t<div class=\"textwidget\">\n\t\t\t\t\t\t\t\t\t\t\t<h5>\n\t\t\t\t\t\t\t\n\t\t\t\t\t\t\t2\t\t\t\t\t\t\t\t\t\t\t\t\t<\/h5>\n\t\t\t\t\t\n\t\t\t\t\t\t\t\t\t\t\tCliquez sur l&rsquo;article de votre choix pour acc\u00e9der au formulaire et participer aux ench\u00e8res\t\t\t\t\t\n\t\t\t\t\t\t\t\t\t<\/div>\n\t\t\t\t\t\t\t<\/div>\n\n\t\t\t\t\t<div\n\t\t\t\tclass=\"sow-features-feature sow-icon-container-position-top sow-features-feature-last-row\"\n\t\t\t\tstyle=\"display: flex; flex-direction: column; float: left; width: 100%;\"\n\t\t\t>\n\n\t\t\t\t\t\t\t\t<div\n\t\t\t\t\tclass=\"sow-icon-container sow-container-none\"\n                    style=\"color: #ffffff; \"\n\t\t\t\t\t>\n\t\t\t\t\t\t\t\t\t<\/div>\n\t\t\t\t\n\t\t\t\t<div class=\"textwidget\">\n\t\t\t\t\t\t\t\t\t\t\t<h5>\n\t\t\t\t\t\t\t\n\t\t\t\t\t\t\t3\t\t\t\t\t\t\t\t\t\t\t\t\t<\/h5>\n\t\t\t\t\t\n\t\t\t\t\t\t\t\t\t\t\tRenseignez vos coordonn\u00e9es, fixez votre prix et envoyez votre offre !\t\t\t\t\t\n\t\t\t\t\t\t\t\t\t<\/div>\n\t\t\t\t\t\t\t<\/div>\n\n\t\t\t\n<\/div>\n<\/div><\/div><\/div><\/div><div id=\"pgc-gb4340-69d76684dd1ce-1-1\"  class=\"panel-grid-cell\" ><div class=\"panel-cell-style panel-cell-style-for-gb4340-69d76684dd1ce-1-1\" ><div id=\"panel-gb4340-69d76684dd1ce-1-1-0\" class=\"so-panel widget widget_sow-image panel-first-child panel-last-child\" data-index=\"2\" ><div class=\"panel-widget-style panel-widget-style-for-gb4340-69d76684dd1ce-1-1-0\" ><div\n\t\t\t\n\t\t\tclass=\"so-widget-sow-image so-widget-sow-image-default-6b88c04c1f9b-4340\"\n\t\t\t\n\t\t>\n<h3 class=\"widget-title\">Comment cela fonctionne ?<\/h3>\n<div class=\"sow-image-container\">\n\t\t<img decoding=\"async\" src=\"https:\/\/www.be-networks.be\/wp-content\/uploads\/2021\/09\/be-eco-1024x1024.png\" width=\"640\" height=\"640\" srcset=\"https:\/\/www.be-networks.be\/wp-content\/uploads\/2021\/09\/be-eco-1024x1024.png 1024w, https:\/\/www.be-networks.be\/wp-content\/uploads\/2021\/09\/be-eco-300x300.png 300w, https:\/\/www.be-networks.be\/wp-content\/uploads\/2021\/09\/be-eco-150x150.png 150w, https:\/\/www.be-networks.be\/wp-content\/uploads\/2021\/09\/be-eco-768x768.png 768w, https:\/\/www.be-networks.be\/wp-content\/uploads\/2021\/09\/be-eco-1536x1536.png 1536w, https:\/\/www.be-networks.be\/wp-content\/uploads\/2021\/09\/be-eco-400x400.png 400w, https:\/\/www.be-networks.be\/wp-content\/uploads\/2021\/09\/be-eco.png 1920w\" sizes=\"(max-width: 640px) 100vw, 640px\" title=\"Comment cela fonctionne ?\" alt=\"\" loading=\"lazy\" \t\tclass=\"so-widget-image\"\/>\n\t<\/div>\n\n<\/div><\/div><\/div><\/div><\/div><div id=\"pgc-gb4340-69d76684dd1ce-1-2\"  class=\"panel-grid-cell\" ><div id=\"panel-gb4340-69d76684dd1ce-1-2-0\" class=\"so-panel widget widget_sow-features panel-first-child panel-last-child\" data-index=\"3\" ><div class=\"green-auction-features panel-widget-style panel-widget-style-for-gb4340-69d76684dd1ce-1-2-0\" ><div\n\t\t\t\n\t\t\tclass=\"so-widget-sow-features so-widget-sow-features-default-1e3364f8a71a-4340\"\n\t\t\t\n\t\t>\n<div class=\"sow-features-list sow-features-responsive\">\n\n\t\t\t\t\t\t<div\n\t\t\t\tclass=\"sow-features-feature sow-icon-container-position-top \"\n\t\t\t\tstyle=\"display: flex; flex-direction: column; float: left; width: 100%;\"\n\t\t\t>\n\n\t\t\t\t\t\t\t\t<div\n\t\t\t\t\tclass=\"sow-icon-container sow-container-none\"\n                    style=\"color: #ffffff; \"\n\t\t\t\t\t>\n\t\t\t\t\t\t\t\t\t<\/div>\n\t\t\t\t\n\t\t\t\t<div class=\"textwidget\">\n\t\t\t\t\t\t\t\t\t\t\t<h5>\n\t\t\t\t\t\t\t\n\t\t\t\t\t\t\t4\t\t\t\t\t\t\t\t\t\t\t\t\t<\/h5>\n\t\t\t\t\t\n\t\t\t\t\t\t\t\t\t\t\tL&rsquo;un de nos responsables client\u00e8le vous contactera rapidement pour discuter des d\u00e9tails\t\t\t\t\t\n\t\t\t\t\t\t\t\t\t<\/div>\n\t\t\t\t\t\t\t<\/div>\n\n\t\t\t\t\t<div\n\t\t\t\tclass=\"sow-features-feature sow-icon-container-position-top \"\n\t\t\t\tstyle=\"display: flex; flex-direction: column; float: left; width: 100%;\"\n\t\t\t>\n\n\t\t\t\t\t\t\t\t<div\n\t\t\t\t\tclass=\"sow-icon-container sow-container-none\"\n                    style=\"color: #ffffff; \"\n\t\t\t\t\t>\n\t\t\t\t\t\t\t\t\t<\/div>\n\t\t\t\t\n\t\t\t\t<div class=\"textwidget\">\n\t\t\t\t\t\t\t\t\t\t\t<h5>\n\t\t\t\t\t\t\t\n\t\t\t\t\t\t\t5\t\t\t\t\t\t\t\t\t\t\t\t\t<\/h5>\n\t\t\t\t\t\n\t\t\t\t\t\t\t\t\t\t\tVous recevez l&rsquo;article sous 1 \u00e0 5 jours ouvrables\t\t\t\t\t\n\t\t\t\t\t\t\t\t\t<\/div>\n\t\t\t\t\t\t\t<\/div>\n\n\t\t\t\t\t<div\n\t\t\t\tclass=\"sow-features-feature sow-icon-container-position-top sow-features-feature-last-row\"\n\t\t\t\tstyle=\"display: flex; flex-direction: column; float: left; width: 100%;\"\n\t\t\t>\n\n\t\t\t\t\t\t\t\t<div\n\t\t\t\t\tclass=\"sow-icon-container sow-container-none\"\n                    style=\"color: #ffffff; \"\n\t\t\t\t\t>\n\t\t\t\t\t\t\t\t\t<\/div>\n\t\t\t\t\n\t\t\t\t<div class=\"textwidget\">\n\t\t\t\t\t\t\t\t\t\t\t<h5>\n\t\t\t\t\t\t\t\n\t\t\t\t\t\t\t6\t\t\t\t\t\t\t\t\t\t\t\t\t<\/h5>\n\t\t\t\t\t\n\t\t\t\t\t\t\t\t\t\t\t<span>N&rsquo;oubliez pas de consulter le montant r\u00e9colt\u00e9 pour <a href=\"https:\/\/www.it4kids.com\/\" target=\"_blank\" rel=\"noreferrer noopener\">IT4Kids !<\/a><\/span>\t\t\t\t\t\n\t\t\t\t\t\t\t\t\t<\/div>\n\t\t\t\t\t\t\t<\/div>\n\n\t\t\t\n<\/div>\n<\/div><\/div><\/div><\/div><\/div><div id=\"pg-gb4340-69d76684dd1ce-2\"  class=\"panel-grid panel-has-style\" ><div class=\"siteorigin-panels-stretch panel-row-style panel-row-style-for-gb4340-69d76684dd1ce-2\" data-stretch-type=\"full-stretched\" ><div id=\"pgc-gb4340-69d76684dd1ce-2-0\"  class=\"panel-grid-cell\" ><div id=\"panel-gb4340-69d76684dd1ce-2-0-0\" class=\"so-panel widget widget_sow-image panel-first-child\" data-index=\"4\" ><div\n\t\t\t\n\t\t\tclass=\"so-widget-sow-image so-widget-sow-image-default-6b88c04c1f9b-4340\"\n\t\t\t\n\t\t>\n\n<div class=\"sow-image-container\">\n\t\t\t<a\n\t\t\thref=\"https:\/\/www.it4kids.com\/\"\n\t\t\ttarget=\"_blank\" rel=\"noopener noreferrer\" \t\t>\n\t\t\t<img decoding=\"async\" src=\"https:\/\/www.be-networks.be\/wp-content\/uploads\/2021\/09\/it4kids_logo.png\" width=\"332\" height=\"198\" srcset=\"https:\/\/www.be-networks.be\/wp-content\/uploads\/2021\/09\/it4kids_logo.png 332w, https:\/\/www.be-networks.be\/wp-content\/uploads\/2021\/09\/it4kids_logo-300x179.png 300w\" sizes=\"(max-width: 332px) 100vw, 332px\" alt=\"\" loading=\"lazy\" \t\tclass=\"so-widget-image\"\/>\n\t<\/a><\/div>\n\n<\/div><\/div><div id=\"panel-gb4340-69d76684dd1ce-2-0-1\" class=\"so-panel widget widget_sow-headline panel-last-child\" data-index=\"5\" ><div class=\"panel-widget-style panel-widget-style-for-gb4340-69d76684dd1ce-2-0-1\" ><div\n\t\t\t\n\t\t\tclass=\"so-widget-sow-headline so-widget-sow-headline-default-03ddfae4010e-4340 so-widget-fittext-wrapper\"\n\t\t\t data-fit-text-compressor=\"0.85\"\n\t\t><div class=\"sow-headline-container \">\n\t<h2 class='sow-headline'>Notre mission consiste \u00e0 donner une deuxi\u00e8me vie \u00e0 un maximum de produits informatiques, et parfois une 3e et une 4e vie ! Malheureusement, apr\u00e8s quelques ann\u00e9es, m\u00eame pour les appareils les plus populaires, le cycle de vie touche \u00e0 sa fin.<\/h2><h3 class='sow-sub-headline'>\t\t\t\t\t\t<a href=\"https:\/\/www.it4kids.com\/\" target=\"_blank\" rel=\"noopener noreferrer\">\n\t\t\t\t\tS&rsquo;il vous fallait un motif suppl\u00e9mentaire, BE Networks s&rsquo;engage \u00e0 donner 50 % des revenus g\u00e9n\u00e9r\u00e9s par le programme Ench\u00e8res vertes \u00e0 l&rsquo;organisation caritative IT4Kids<\/a><\/h3><\/div><\/div><\/div><\/div><\/div><\/div><\/div><\/div>\n\n<div id=\"ns-offers-1\"><div class=\"container-fluid ns-offers\"><div class=\"row\">\n\t\t\t\t<div class=\"col-md-4 col-sm-6 col-xs-12 ns-offer\">\n\t\t\t\t\t<div class=\"ns-img-wrapper\">\n\t\t\t\t\t\t<img src=\"https:\/\/www.be-networks.be\/wp-content\/uploads\/2022\/02\/FET-10G.webp\" alt=\"Cisco FET-10G\">\n\t\t\t\t\t\t<div class=\"ns-hover-wrapper\">\n\t\t\t\t\t\t\t<div class=\"ns-hover\">\n\t\t\t\t\t\t\t\t<button type=\"button\" class=\"btn ns-blue-button offer-btn\" data-toggle=\"modal\" data-target=\"#nsOfferModal\" data-name=\"Cisco FET-10G\" data-id=\"4398\" data-bidding-price=\"200\">Bid for this product<\/button>\n\t\t\t\t\t\t\t<\/div>\n\t\t\t\t\t\t<\/div>\n\t\t\t\t\t<\/div>\n\t\t\t\t\t<div class=\"ns-discount\">\n\t\t\t\t\t\t<p>Bidding price: <span class=\"bidding-price\">200<\/span><span>&nbsp;\u20ac<\/span> <small>(per lot)<\/small><\/p>\n\t\t\t\t\t<\/div>\n\t\t\t\t\t<div class=\"ns-content\">\n\t\t\t\t\t\t<h3>Cisco FET-10G<\/h3>\n\t\t\t\t\t\t<p><span class=\"ns-offer--product-spec\">PCS PER LOT:&nbsp;<b>100<\/b><\/span><\/p>\n\t\t\t\t\t<\/div>\n\t\t\t\t<\/div>\n\t\t\t\t<div class=\"col-md-4 col-sm-6 col-xs-12 ns-offer\">\n\t\t\t\t\t<div class=\"ns-img-wrapper\">\n\t\t\t\t\t\t<img src=\"https:\/\/www.be-networks.be\/wp-content\/uploads\/2022\/02\/CVR-X2-SFP-1.jpg\" alt=\"Cisco CVR-X2-SFP\">\n\t\t\t\t\t\t<div class=\"ns-hover-wrapper\">\n\t\t\t\t\t\t\t<div class=\"ns-hover\">\n\t\t\t\t\t\t\t\t<button type=\"button\" class=\"btn ns-blue-button offer-btn\" data-toggle=\"modal\" data-target=\"#nsOfferModal\" data-name=\"Cisco CVR-X2-SFP\" data-id=\"4396\" data-bidding-price=\"200\">Bid for this product<\/button>\n\t\t\t\t\t\t\t<\/div>\n\t\t\t\t\t\t<\/div>\n\t\t\t\t\t<\/div>\n\t\t\t\t\t<div class=\"ns-discount\">\n\t\t\t\t\t\t<p>Bidding price: <span class=\"bidding-price\">200<\/span><span>&nbsp;\u20ac<\/span> <small>(per lot)<\/small><\/p>\n\t\t\t\t\t<\/div>\n\t\t\t\t\t<div class=\"ns-content\">\n\t\t\t\t\t\t<h3>Cisco CVR-X2-SFP<\/h3>\n\t\t\t\t\t\t<p><span class=\"ns-offer--product-spec\">PCS PER LOT:&nbsp;<b>100<\/b><\/span><\/p>\n\t\t\t\t\t<\/div>\n\t\t\t\t<\/div>\n\t\t\t\t<div class=\"col-md-4 col-sm-6 col-xs-12 ns-offer\">\n\t\t\t\t\t<div class=\"ns-img-wrapper\">\n\t\t\t\t\t\t<img src=\"https:\/\/www.be-networks.be\/wp-content\/uploads\/2022\/02\/GLC-SX-MM.jpeg\" alt=\"Cisco GLC-SX-MM\">\n\t\t\t\t\t\t<div class=\"ns-hover-wrapper\">\n\t\t\t\t\t\t\t<div class=\"ns-hover\">\n\t\t\t\t\t\t\t\t<button type=\"button\" class=\"btn ns-blue-button offer-btn\" data-toggle=\"modal\" data-target=\"#nsOfferModal\" data-name=\"Cisco GLC-SX-MM\" data-id=\"4392\" data-bidding-price=\"300\">Bid for this product<\/button>\n\t\t\t\t\t\t\t<\/div>\n\t\t\t\t\t\t<\/div>\n\t\t\t\t\t<\/div>\n\t\t\t\t\t<div class=\"ns-discount\">\n\t\t\t\t\t\t<p>Bidding price: <span class=\"bidding-price\">300<\/span><span>&nbsp;\u20ac<\/span> <small>(per lot)<\/small><\/p>\n\t\t\t\t\t<\/div>\n\t\t\t\t\t<div class=\"ns-content\">\n\t\t\t\t\t\t<h3>Cisco GLC-SX-MM<\/h3>\n\t\t\t\t\t\t<p><span class=\"ns-offer--product-spec\">PCS PER LOT:&nbsp;<b>100<\/b><\/span><\/p>\n\t\t\t\t\t<\/div>\n\t\t\t\t<\/div>\n\t\t\t\t<div class=\"col-md-4 col-sm-6 col-xs-12 ns-offer\">\n\t\t\t\t\t<div class=\"ns-img-wrapper\">\n\t\t\t\t\t\t<img src=\"https:\/\/www.be-networks.be\/wp-content\/uploads\/2022\/02\/AIR-CAP3502I-E-K9.jpeg\" alt=\"Cisco AIR-CAP3502I-E-K9\">\n\t\t\t\t\t\t<div class=\"ns-hover-wrapper\">\n\t\t\t\t\t\t\t<div class=\"ns-hover\">\n\t\t\t\t\t\t\t\t<button type=\"button\" class=\"btn ns-blue-button offer-btn\" data-toggle=\"modal\" data-target=\"#nsOfferModal\" data-name=\"Cisco AIR-CAP3502I-E-K9\" data-id=\"4388\" data-bidding-price=\"300\">Bid for this product<\/button>\n\t\t\t\t\t\t\t<\/div>\n\t\t\t\t\t\t<\/div>\n\t\t\t\t\t<\/div>\n\t\t\t\t\t<div class=\"ns-discount\">\n\t\t\t\t\t\t<p>Bidding price: <span class=\"bidding-price\">300<\/span><span>&nbsp;\u20ac<\/span> <small>(per lot)<\/small><\/p>\n\t\t\t\t\t<\/div>\n\t\t\t\t\t<div class=\"ns-content\">\n\t\t\t\t\t\t<h3>Cisco AIR-CAP3502I-E-K9<\/h3>\n\t\t\t\t\t\t<p><span class=\"ns-offer--product-spec\">PCS PER LOT:&nbsp;<b>30<\/b><\/span><\/p>\n\t\t\t\t\t<\/div>\n\t\t\t\t<\/div>\n\t\t\t\t<div class=\"col-md-4 col-sm-6 col-xs-12 ns-offer\">\n\t\t\t\t\t<div class=\"ns-img-wrapper\">\n\t\t\t\t\t\t<img src=\"https:\/\/www.be-networks.be\/wp-content\/uploads\/2022\/02\/AIR-CAP3602I-E-K9.jpeg\" alt=\"AIR-CAP3602I-E-K9\">\n\t\t\t\t\t\t<div class=\"ns-hover-wrapper\">\n\t\t\t\t\t\t\t<div class=\"ns-hover\">\n\t\t\t\t\t\t\t\t<button type=\"button\" class=\"btn ns-blue-button offer-btn\" data-toggle=\"modal\" data-target=\"#nsOfferModal\" data-name=\"AIR-CAP3602I-E-K9\" data-id=\"4381\" data-bidding-price=\"300\">Bid for this product<\/button>\n\t\t\t\t\t\t\t<\/div>\n\t\t\t\t\t\t<\/div>\n\t\t\t\t\t<\/div>\n\t\t\t\t\t<div class=\"ns-discount\">\n\t\t\t\t\t\t<p>Bidding price: <span class=\"bidding-price\">300<\/span><span>&nbsp;\u20ac<\/span> <small>(per lot)<\/small><\/p>\n\t\t\t\t\t<\/div>\n\t\t\t\t\t<div class=\"ns-content\">\n\t\t\t\t\t\t<h3>AIR-CAP3602I-E-K9<\/h3>\n\t\t\t\t\t\t<p><span class=\"ns-offer--product-spec\">PCS PER LOT:&nbsp;<b>30<\/b><\/span><\/p>\n\t\t\t\t\t<\/div>\n\t\t\t\t<\/div>\n\t\t\t\t<div class=\"col-md-4 col-sm-6 col-xs-12 ns-offer\">\n\t\t\t\t\t<div class=\"ns-img-wrapper\">\n\t\t\t\t\t\t<img src=\"https:\/\/www.be-networks.be\/wp-content\/uploads\/2022\/02\/AIR-CAP1702I-E-K9.jpeg\" alt=\"Cisco AIR-CAP1702I-E-K9\">\n\t\t\t\t\t\t<div class=\"ns-hover-wrapper\">\n\t\t\t\t\t\t\t<div class=\"ns-hover\">\n\t\t\t\t\t\t\t\t<button type=\"button\" class=\"btn ns-blue-button offer-btn\" data-toggle=\"modal\" data-target=\"#nsOfferModal\" data-name=\"Cisco AIR-CAP1702I-E-K9\" data-id=\"4377\" data-bidding-price=\"300\">Bid for this product<\/button>\n\t\t\t\t\t\t\t<\/div>\n\t\t\t\t\t\t<\/div>\n\t\t\t\t\t<\/div>\n\t\t\t\t\t<div class=\"ns-discount\">\n\t\t\t\t\t\t<p>Bidding price: <span class=\"bidding-price\">300<\/span><span>&nbsp;\u20ac<\/span> <small>(per lot)<\/small><\/p>\n\t\t\t\t\t<\/div>\n\t\t\t\t\t<div class=\"ns-content\">\n\t\t\t\t\t\t<h3>Cisco AIR-CAP1702I-E-K9<\/h3>\n\t\t\t\t\t\t<p><span class=\"ns-offer--product-spec\">PCS PER LOT:&nbsp;<b>30<\/b><\/span><\/p>\n\t\t\t\t\t<\/div>\n\t\t\t\t<\/div>\n\t\t\t\t<div class=\"col-md-4 col-sm-6 col-xs-12 ns-offer\">\n\t\t\t\t\t<div class=\"ns-img-wrapper\">\n\t\t\t\t\t\t<img src=\"https:\/\/www.be-networks.be\/wp-content\/uploads\/2022\/02\/C881G7-K9.jpeg\" alt=\"Cisco C881G+7-K9\">\n\t\t\t\t\t\t<div class=\"ns-hover-wrapper\">\n\t\t\t\t\t\t\t<div class=\"ns-hover\">\n\t\t\t\t\t\t\t\t<button type=\"button\" class=\"btn ns-blue-button offer-btn\" data-toggle=\"modal\" data-target=\"#nsOfferModal\" data-name=\"Cisco C881G+7-K9\" data-id=\"4376\" data-bidding-price=\"1000\">Bid for this product<\/button>\n\t\t\t\t\t\t\t<\/div>\n\t\t\t\t\t\t<\/div>\n\t\t\t\t\t<\/div>\n\t\t\t\t\t<div class=\"ns-discount\">\n\t\t\t\t\t\t<p>Bidding price: <span class=\"bidding-price\">1000<\/span><span>&nbsp;\u20ac<\/span> <small>(per lot)<\/small><\/p>\n\t\t\t\t\t<\/div>\n\t\t\t\t\t<div class=\"ns-content\">\n\t\t\t\t\t\t<h3>Cisco C881G+7-K9<\/h3>\n\t\t\t\t\t\t<p><span class=\"ns-offer--product-spec\">PCS PER LOT:&nbsp;<b>20<\/b><\/span><\/p>\n\t\t\t\t\t<\/div>\n\t\t\t\t<\/div>\n\t\t\t\t<div class=\"col-md-4 col-sm-6 col-xs-12 ns-offer\">\n\t\t\t\t\t<div class=\"ns-img-wrapper\">\n\t\t\t\t\t\t<img src=\"https:\/\/www.be-networks.be\/wp-content\/uploads\/2022\/02\/CISCO888-K9.jpeg\" alt=\"Cisco CISCO888-K9\">\n\t\t\t\t\t\t<div class=\"ns-hover-wrapper\">\n\t\t\t\t\t\t\t<div class=\"ns-hover\">\n\t\t\t\t\t\t\t\t<button type=\"button\" class=\"btn ns-blue-button offer-btn\" data-toggle=\"modal\" data-target=\"#nsOfferModal\" data-name=\"Cisco CISCO888-K9\" data-id=\"4372\" data-bidding-price=\"500\">Bid for this product<\/button>\n\t\t\t\t\t\t\t<\/div>\n\t\t\t\t\t\t<\/div>\n\t\t\t\t\t<\/div>\n\t\t\t\t\t<div class=\"ns-discount\">\n\t\t\t\t\t\t<p>Bidding price: <span class=\"bidding-price\">500<\/span><span>&nbsp;\u20ac<\/span> <small>(per lot)<\/small><\/p>\n\t\t\t\t\t<\/div>\n\t\t\t\t\t<div class=\"ns-content\">\n\t\t\t\t\t\t<h3>Cisco CISCO888-K9<\/h3>\n\t\t\t\t\t\t<p><span class=\"ns-offer--product-spec\">PCS PER LOT:&nbsp;<b>20<\/b><\/span><\/p>\n\t\t\t\t\t<\/div>\n\t\t\t\t<\/div>\n\t\t\t\t<div class=\"col-md-4 col-sm-6 col-xs-12 ns-offer\">\n\t\t\t\t\t<div class=\"ns-img-wrapper\">\n\t\t\t\t\t\t<img src=\"https:\/\/www.be-networks.be\/wp-content\/uploads\/2022\/02\/C897VA-K9.jpeg\" alt=\"Cisco C897VA-K9\">\n\t\t\t\t\t\t<div class=\"ns-hover-wrapper\">\n\t\t\t\t\t\t\t<div class=\"ns-hover\">\n\t\t\t\t\t\t\t\t<button type=\"button\" class=\"btn ns-blue-button offer-btn\" data-toggle=\"modal\" data-target=\"#nsOfferModal\" data-name=\"Cisco C897VA-K9\" data-id=\"4368\" data-bidding-price=\"1250\">Bid for this product<\/button>\n\t\t\t\t\t\t\t<\/div>\n\t\t\t\t\t\t<\/div>\n\t\t\t\t\t<\/div>\n\t\t\t\t\t<div class=\"ns-discount\">\n\t\t\t\t\t\t<p>Bidding price: <span class=\"bidding-price\">1250<\/span><span>&nbsp;\u20ac<\/span> <small>(per lot)<\/small><\/p>\n\t\t\t\t\t<\/div>\n\t\t\t\t\t<div class=\"ns-content\">\n\t\t\t\t\t\t<h3>Cisco C897VA-K9<\/h3>\n\t\t\t\t\t\t<p><span class=\"ns-offer--product-spec\">PCS PER LOT:&nbsp;<b>20<\/b><\/span><\/p>\n\t\t\t\t\t<\/div>\n\t\t\t\t<\/div><\/div><\/div><\/div>\n","protected":false},"excerpt":{"rendered":"","protected":false},"author":4,"featured_media":3679,"parent":0,"menu_order":0,"comment_status":"closed","ping_status":"closed","template":"page-offers.php","meta":{"inline_featured_image":false},"acf":[],"_links":{"self":[{"href":"https:\/\/www.be-networks.be\/fr\/wp-json\/wp\/v2\/pages\/4340"}],"collection":[{"href":"https:\/\/www.be-networks.be\/fr\/wp-json\/wp\/v2\/pages"}],"about":[{"href":"https:\/\/www.be-networks.be\/fr\/wp-json\/wp\/v2\/types\/page"}],"author":[{"embeddable":true,"href":"https:\/\/www.be-networks.be\/fr\/wp-json\/wp\/v2\/users\/4"}],"replies":[{"embeddable":true,"href":"https:\/\/www.be-networks.be\/fr\/wp-json\/wp\/v2\/comments?post=4340"}],"version-history":[{"count":8,"href":"https:\/\/www.be-networks.be\/fr\/wp-json\/wp\/v2\/pages\/4340\/revisions"}],"predecessor-version":[{"id":4850,"href":"https:\/\/www.be-networks.be\/fr\/wp-json\/wp\/v2\/pages\/4340\/revisions\/4850"}],"wp:featuredmedia":[{"embeddable":true,"href":"https:\/\/www.be-networks.be\/fr\/wp-json\/wp\/v2\/media\/3679"}],"wp:attachment":[{"href":"https:\/\/www.be-networks.be\/fr\/wp-json\/wp\/v2\/media?parent=4340"}],"curies":[{"name":"wp","href":"https:\/\/api.w.org\/{rel}","templated":true}]}}